{"id":9,"date":"2025-07-01T08:40:19","date_gmt":"2025-07-01T06:40:19","guid":{"rendered":"https:\/\/www.ixperta.com\/?page_id=9"},"modified":"2025-11-07T10:08:00","modified_gmt":"2025-11-07T09:08:00","slug":"o-nas","status":"publish","type":"page","link":"https:\/\/www.ixperta.com\/sk\/o-nas\/","title":{"rendered":"O n\u00e1s"},"content":{"rendered":"","protected":false},"excerpt":{"rendered":"<p>Synergia je z\u00e1kladom n\u00e1\u0161ho pr\u00edstupu \u2013 sp\u00e1jame technol\u00f3gie, know-how a inov\u00e1cie do prepracovan\u00e9ho IT ekosyst\u00e9mu. Pom\u00e1hame firm\u00e1m napredova\u0165 v digit\u00e1lnom svete.<\/p>\n","protected":false},"author":1,"featured_media":0,"parent":0,"menu_order":0,"comment_status":"closed","ping_status":"closed","template":"","meta":{"_acf_changed":false,"footnotes":""},"class_list":["post-9","page","type-page","status-publish","hentry"],"acf":[],"yoast_head":"<!-- This site is optimized with the Yoast SEO plugin v27.4 - https:\/\/yoast.com\/product\/yoast-seo-wordpress\/ -->\n<title>O n\u00e1s - N\u00e1\u0161 pr\u00edbeh a technologick\u00e1 expert\u00edza | IXPERTA<\/title>\n<meta name=\"description\" content=\"Sp\u00e1jame IT a biznis. Sme technologick\u00fd partner pre komplexn\u00e9 projekty, ktor\u00e9 zefekt\u00edv\u0148uj\u00fa firmy. 7000+ projektov, 300 expertov, 30 rokov na trhu.\" \/>\n<meta name=\"robots\" content=\"index, follow, max-snippet:-1, max-image-preview:large, max-video-preview:-1\" \/>\n<link rel=\"canonical\" href=\"https:\/\/www.ixperta.com\/sk\/o-nas\/\" \/>\n<meta property=\"og:locale\" content=\"sk_SK\" \/>\n<meta property=\"og:type\" content=\"article\" \/>\n<meta property=\"og:title\" content=\"O n\u00e1s - N\u00e1\u0161 pr\u00edbeh a technologick\u00e1 expert\u00edza | IXPERTA\" \/>\n<meta property=\"og:description\" content=\"Sp\u00e1jame IT a biznis. Sme technologick\u00fd partner pre komplexn\u00e9 projekty, ktor\u00e9 zefekt\u00edv\u0148uj\u00fa firmy. 7000+ projektov, 300 expertov, 30 rokov na trhu.\" \/>\n<meta property=\"og:url\" content=\"https:\/\/www.ixperta.com\/sk\/o-nas\/\" \/>\n<meta property=\"og:site_name\" content=\"IXPERTA\" \/>\n<meta property=\"article:modified_time\" content=\"2025-11-07T09:08:00+00:00\" \/>\n<meta property=\"og:image\" content=\"https:\/\/www.ixperta.com\/wp-content\/uploads\/2025\/10\/ixperta.png\" \/>\n\t<meta property=\"og:image:width\" content=\"1200\" \/>\n\t<meta property=\"og:image:height\" content=\"900\" \/>\n\t<meta property=\"og:image:type\" content=\"image\/png\" \/>\n<meta name=\"twitter:card\" content=\"summary_large_image\" \/>\n<meta name=\"twitter:label1\" content=\"Predpokladan\u00fd \u010das \u010d\u00edtania\" \/>\n\t<meta name=\"twitter:data1\" content=\"19 min\u00fat\" \/>\n<script type=\"application\/ld+json\" class=\"yoast-schema-graph\">{\"@context\":\"https:\\\/\\\/schema.org\",\"@graph\":[{\"@type\":\"WebPage\",\"@id\":\"https:\\\/\\\/www.ixperta.com\\\/sk\\\/o-nas\\\/\",\"url\":\"https:\\\/\\\/www.ixperta.com\\\/sk\\\/o-nas\\\/\",\"name\":\"O n\u00e1s - N\u00e1\u0161 pr\u00edbeh a technologick\u00e1 expert\u00edza | IXPERTA\",\"isPartOf\":{\"@id\":\"https:\\\/\\\/www.ixperta.com\\\/sk\\\/#website\"},\"datePublished\":\"2025-07-01T06:40:19+00:00\",\"dateModified\":\"2025-11-07T09:08:00+00:00\",\"description\":\"Sp\u00e1jame IT a biznis. Sme technologick\u00fd partner pre komplexn\u00e9 projekty, ktor\u00e9 zefekt\u00edv\u0148uj\u00fa firmy. 7000+ projektov, 300 expertov, 30 rokov na trhu.\",\"breadcrumb\":{\"@id\":\"https:\\\/\\\/www.ixperta.com\\\/sk\\\/o-nas\\\/#breadcrumb\"},\"inLanguage\":\"sk-SK\",\"potentialAction\":[{\"@type\":\"ReadAction\",\"target\":[\"https:\\\/\\\/www.ixperta.com\\\/sk\\\/o-nas\\\/\"]}]},{\"@type\":\"BreadcrumbList\",\"@id\":\"https:\\\/\\\/www.ixperta.com\\\/sk\\\/o-nas\\\/#breadcrumb\",\"itemListElement\":[{\"@type\":\"ListItem\",\"position\":1,\"name\":\"Domov\",\"item\":\"https:\\\/\\\/www.ixperta.com\\\/sk\\\/\"},{\"@type\":\"ListItem\",\"position\":2,\"name\":\"O n\u00e1s\"}]},{\"@type\":\"WebSite\",\"@id\":\"https:\\\/\\\/www.ixperta.com\\\/sk\\\/#website\",\"url\":\"https:\\\/\\\/www.ixperta.com\\\/sk\\\/\",\"name\":\"IXPERTA\",\"description\":\"\",\"potentialAction\":[{\"@type\":\"SearchAction\",\"target\":{\"@type\":\"EntryPoint\",\"urlTemplate\":\"https:\\\/\\\/www.ixperta.com\\\/sk\\\/?s={search_term_string}\"},\"query-input\":{\"@type\":\"PropertyValueSpecification\",\"valueRequired\":true,\"valueName\":\"search_term_string\"}}],\"inLanguage\":\"sk-SK\"}]}<\/script>\n<!-- \/ Yoast SEO plugin. -->","yoast_head_json":{"title":"O n\u00e1s - N\u00e1\u0161 pr\u00edbeh a technologick\u00e1 expert\u00edza | IXPERTA","description":"Sp\u00e1jame IT a biznis. Sme technologick\u00fd partner pre komplexn\u00e9 projekty, ktor\u00e9 zefekt\u00edv\u0148uj\u00fa firmy. 7000+ projektov, 300 expertov, 30 rokov na trhu.","robots":{"index":"index","follow":"follow","max-snippet":"max-snippet:-1","max-image-preview":"max-image-preview:large","max-video-preview":"max-video-preview:-1"},"canonical":"https:\/\/www.ixperta.com\/sk\/o-nas\/","og_locale":"sk_SK","og_type":"article","og_title":"O n\u00e1s - N\u00e1\u0161 pr\u00edbeh a technologick\u00e1 expert\u00edza | IXPERTA","og_description":"Sp\u00e1jame IT a biznis. Sme technologick\u00fd partner pre komplexn\u00e9 projekty, ktor\u00e9 zefekt\u00edv\u0148uj\u00fa firmy. 7000+ projektov, 300 expertov, 30 rokov na trhu.","og_url":"https:\/\/www.ixperta.com\/sk\/o-nas\/","og_site_name":"IXPERTA","article_modified_time":"2025-11-07T09:08:00+00:00","og_image":[{"width":1200,"height":900,"url":"https:\/\/www.ixperta.com\/wp-content\/uploads\/2025\/10\/ixperta.png","type":"image\/png"}],"twitter_card":"summary_large_image","twitter_misc":{"Predpokladan\u00fd \u010das \u010d\u00edtania":"19 min\u00fat"},"schema":{"@context":"https:\/\/schema.org","@graph":[{"@type":"WebPage","@id":"https:\/\/www.ixperta.com\/sk\/o-nas\/","url":"https:\/\/www.ixperta.com\/sk\/o-nas\/","name":"O n\u00e1s - N\u00e1\u0161 pr\u00edbeh a technologick\u00e1 expert\u00edza | IXPERTA","isPartOf":{"@id":"https:\/\/www.ixperta.com\/sk\/#website"},"datePublished":"2025-07-01T06:40:19+00:00","dateModified":"2025-11-07T09:08:00+00:00","description":"Sp\u00e1jame IT a biznis. Sme technologick\u00fd partner pre komplexn\u00e9 projekty, ktor\u00e9 zefekt\u00edv\u0148uj\u00fa firmy. 7000+ projektov, 300 expertov, 30 rokov na trhu.","breadcrumb":{"@id":"https:\/\/www.ixperta.com\/sk\/o-nas\/#breadcrumb"},"inLanguage":"sk-SK","potentialAction":[{"@type":"ReadAction","target":["https:\/\/www.ixperta.com\/sk\/o-nas\/"]}]},{"@type":"BreadcrumbList","@id":"https:\/\/www.ixperta.com\/sk\/o-nas\/#breadcrumb","itemListElement":[{"@type":"ListItem","position":1,"name":"Domov","item":"https:\/\/www.ixperta.com\/sk\/"},{"@type":"ListItem","position":2,"name":"O n\u00e1s"}]},{"@type":"WebSite","@id":"https:\/\/www.ixperta.com\/sk\/#website","url":"https:\/\/www.ixperta.com\/sk\/","name":"IXPERTA","description":"","potentialAction":[{"@type":"SearchAction","target":{"@type":"EntryPoint","urlTemplate":"https:\/\/www.ixperta.com\/sk\/?s={search_term_string}"},"query-input":{"@type":"PropertyValueSpecification","valueRequired":true,"valueName":"search_term_string"}}],"inLanguage":"sk-SK"}]}},"_links":{"self":[{"href":"https:\/\/www.ixperta.com\/sk\/wp-json\/wp\/v2\/pages\/9","targetHints":{"allow":["GET"]}}],"collection":[{"href":"https:\/\/www.ixperta.com\/sk\/wp-json\/wp\/v2\/pages"}],"about":[{"href":"https:\/\/www.ixperta.com\/sk\/wp-json\/wp\/v2\/types\/page"}],"author":[{"embeddable":true,"href":"https:\/\/www.ixperta.com\/sk\/wp-json\/wp\/v2\/users\/1"}],"replies":[{"embeddable":true,"href":"https:\/\/www.ixperta.com\/sk\/wp-json\/wp\/v2\/comments?post=9"}],"version-history":[{"count":84,"href":"https:\/\/www.ixperta.com\/sk\/wp-json\/wp\/v2\/pages\/9\/revisions"}],"predecessor-version":[{"id":4065,"href":"https:\/\/www.ixperta.com\/sk\/wp-json\/wp\/v2\/pages\/9\/revisions\/4065"}],"wp:attachment":[{"href":"https:\/\/www.ixperta.com\/sk\/wp-json\/wp\/v2\/media?parent=9"}],"curies":[{"name":"wp","href":"https:\/\/api.w.org\/{rel}","templated":true}]}}