{"id":79,"date":"2025-07-01T08:51:49","date_gmt":"2025-07-01T06:51:49","guid":{"rendered":"https:\/\/www.ixperta.com\/?page_id=79"},"modified":"2025-09-24T12:30:08","modified_gmt":"2025-09-24T10:30:08","slug":"whistleblowing","status":"publish","type":"page","link":"https:\/\/www.ixperta.com\/sk\/whistleblowing\/","title":{"rendered":"Ochrana oznamovate\u013eov &#8211; whistleblowing"},"content":{"rendered":"","protected":false},"excerpt":{"rendered":"<p>Inform\u00e1cie o sp\u00f4soboch oznamovania poru\u0161enia pr\u00e1va intern\u00fdm oznamovac\u00edm syst\u00e9mom v  spolo\u010dnosti IXPERTA s.r.o opr\u00e1vnenej podnika\u0165 v Slovenskej republike prostredn\u00edctvom svojej organiza\u010dnej zlo\u017eky IXPERTA s.r.o., organiza\u010dn\u00e1 zlo\u017eka.<\/p>\n","protected":false},"author":1,"featured_media":0,"parent":0,"menu_order":0,"comment_status":"closed","ping_status":"closed","template":"","meta":{"_acf_changed":false,"footnotes":""},"class_list":["post-79","page","type-page","status-publish","hentry"],"acf":[],"yoast_head":"<!-- This site is optimized with the Yoast SEO plugin v27.4 - https:\/\/yoast.com\/product\/yoast-seo-wordpress\/ -->\n<title>Ochrana oznamovate\u013eov | IXPERTA<\/title>\n<meta name=\"description\" content=\"Inform\u00e1cie o sp\u00f4soboch oznamovania poru\u0161enia pr\u00e1va intern\u00fdm oznamovac\u00edm syst\u00e9mom v IXPERTA s.r.o. Zistite viac o whistleblowingu.\" \/>\n<meta name=\"robots\" content=\"index, follow, max-snippet:-1, max-image-preview:large, max-video-preview:-1\" \/>\n<link rel=\"canonical\" href=\"https:\/\/www.ixperta.com\/sk\/whistleblowing\/\" \/>\n<meta property=\"og:locale\" content=\"sk_SK\" \/>\n<meta property=\"og:type\" content=\"article\" \/>\n<meta property=\"og:title\" content=\"Ochrana oznamovate\u013eov | IXPERTA\" \/>\n<meta property=\"og:description\" content=\"Inform\u00e1cie o sp\u00f4soboch oznamovania poru\u0161enia pr\u00e1va intern\u00fdm oznamovac\u00edm syst\u00e9mom v IXPERTA s.r.o. Zistite viac o whistleblowingu.\" \/>\n<meta property=\"og:url\" content=\"https:\/\/www.ixperta.com\/sk\/whistleblowing\/\" \/>\n<meta property=\"og:site_name\" content=\"IXPERTA\" \/>\n<meta property=\"article:modified_time\" content=\"2025-09-24T10:30:08+00:00\" \/>\n<meta property=\"og:image\" content=\"https:\/\/www.ixperta.com\/wp-content\/uploads\/2025\/10\/ixperta.png\" \/>\n\t<meta property=\"og:image:width\" content=\"1200\" \/>\n\t<meta property=\"og:image:height\" content=\"900\" \/>\n\t<meta property=\"og:image:type\" content=\"image\/png\" \/>\n<meta name=\"twitter:card\" content=\"summary_large_image\" \/>\n<meta name=\"twitter:label1\" content=\"Predpokladan\u00fd \u010das \u010d\u00edtania\" \/>\n\t<meta name=\"twitter:data1\" content=\"3 min\u00faty\" \/>\n<script type=\"application\/ld+json\" class=\"yoast-schema-graph\">{\"@context\":\"https:\\\/\\\/schema.org\",\"@graph\":[{\"@type\":\"WebPage\",\"@id\":\"https:\\\/\\\/www.ixperta.com\\\/sk\\\/whistleblowing\\\/\",\"url\":\"https:\\\/\\\/www.ixperta.com\\\/sk\\\/whistleblowing\\\/\",\"name\":\"Ochrana oznamovate\u013eov | IXPERTA\",\"isPartOf\":{\"@id\":\"https:\\\/\\\/www.ixperta.com\\\/sk\\\/#website\"},\"datePublished\":\"2025-07-01T06:51:49+00:00\",\"dateModified\":\"2025-09-24T10:30:08+00:00\",\"description\":\"Inform\u00e1cie o sp\u00f4soboch oznamovania poru\u0161enia pr\u00e1va intern\u00fdm oznamovac\u00edm syst\u00e9mom v IXPERTA s.r.o. Zistite viac o whistleblowingu.\",\"breadcrumb\":{\"@id\":\"https:\\\/\\\/www.ixperta.com\\\/sk\\\/whistleblowing\\\/#breadcrumb\"},\"inLanguage\":\"sk-SK\",\"potentialAction\":[{\"@type\":\"ReadAction\",\"target\":[\"https:\\\/\\\/www.ixperta.com\\\/sk\\\/whistleblowing\\\/\"]}]},{\"@type\":\"BreadcrumbList\",\"@id\":\"https:\\\/\\\/www.ixperta.com\\\/sk\\\/whistleblowing\\\/#breadcrumb\",\"itemListElement\":[{\"@type\":\"ListItem\",\"position\":1,\"name\":\"Domov\",\"item\":\"https:\\\/\\\/www.ixperta.com\\\/sk\\\/\"},{\"@type\":\"ListItem\",\"position\":2,\"name\":\"Ochrana oznamovate\u013eov &#8211; whistleblowing\"}]},{\"@type\":\"WebSite\",\"@id\":\"https:\\\/\\\/www.ixperta.com\\\/sk\\\/#website\",\"url\":\"https:\\\/\\\/www.ixperta.com\\\/sk\\\/\",\"name\":\"IXPERTA\",\"description\":\"\",\"potentialAction\":[{\"@type\":\"SearchAction\",\"target\":{\"@type\":\"EntryPoint\",\"urlTemplate\":\"https:\\\/\\\/www.ixperta.com\\\/sk\\\/?s={search_term_string}\"},\"query-input\":{\"@type\":\"PropertyValueSpecification\",\"valueRequired\":true,\"valueName\":\"search_term_string\"}}],\"inLanguage\":\"sk-SK\"}]}<\/script>\n<!-- \/ Yoast SEO plugin. -->","yoast_head_json":{"title":"Ochrana oznamovate\u013eov | IXPERTA","description":"Inform\u00e1cie o sp\u00f4soboch oznamovania poru\u0161enia pr\u00e1va intern\u00fdm oznamovac\u00edm syst\u00e9mom v IXPERTA s.r.o. Zistite viac o whistleblowingu.","robots":{"index":"index","follow":"follow","max-snippet":"max-snippet:-1","max-image-preview":"max-image-preview:large","max-video-preview":"max-video-preview:-1"},"canonical":"https:\/\/www.ixperta.com\/sk\/whistleblowing\/","og_locale":"sk_SK","og_type":"article","og_title":"Ochrana oznamovate\u013eov | IXPERTA","og_description":"Inform\u00e1cie o sp\u00f4soboch oznamovania poru\u0161enia pr\u00e1va intern\u00fdm oznamovac\u00edm syst\u00e9mom v IXPERTA s.r.o. Zistite viac o whistleblowingu.","og_url":"https:\/\/www.ixperta.com\/sk\/whistleblowing\/","og_site_name":"IXPERTA","article_modified_time":"2025-09-24T10:30:08+00:00","og_image":[{"width":1200,"height":900,"url":"https:\/\/www.ixperta.com\/wp-content\/uploads\/2025\/10\/ixperta.png","type":"image\/png"}],"twitter_card":"summary_large_image","twitter_misc":{"Predpokladan\u00fd \u010das \u010d\u00edtania":"3 min\u00faty"},"schema":{"@context":"https:\/\/schema.org","@graph":[{"@type":"WebPage","@id":"https:\/\/www.ixperta.com\/sk\/whistleblowing\/","url":"https:\/\/www.ixperta.com\/sk\/whistleblowing\/","name":"Ochrana oznamovate\u013eov | IXPERTA","isPartOf":{"@id":"https:\/\/www.ixperta.com\/sk\/#website"},"datePublished":"2025-07-01T06:51:49+00:00","dateModified":"2025-09-24T10:30:08+00:00","description":"Inform\u00e1cie o sp\u00f4soboch oznamovania poru\u0161enia pr\u00e1va intern\u00fdm oznamovac\u00edm syst\u00e9mom v IXPERTA s.r.o. Zistite viac o whistleblowingu.","breadcrumb":{"@id":"https:\/\/www.ixperta.com\/sk\/whistleblowing\/#breadcrumb"},"inLanguage":"sk-SK","potentialAction":[{"@type":"ReadAction","target":["https:\/\/www.ixperta.com\/sk\/whistleblowing\/"]}]},{"@type":"BreadcrumbList","@id":"https:\/\/www.ixperta.com\/sk\/whistleblowing\/#breadcrumb","itemListElement":[{"@type":"ListItem","position":1,"name":"Domov","item":"https:\/\/www.ixperta.com\/sk\/"},{"@type":"ListItem","position":2,"name":"Ochrana oznamovate\u013eov &#8211; whistleblowing"}]},{"@type":"WebSite","@id":"https:\/\/www.ixperta.com\/sk\/#website","url":"https:\/\/www.ixperta.com\/sk\/","name":"IXPERTA","description":"","potentialAction":[{"@type":"SearchAction","target":{"@type":"EntryPoint","urlTemplate":"https:\/\/www.ixperta.com\/sk\/?s={search_term_string}"},"query-input":{"@type":"PropertyValueSpecification","valueRequired":true,"valueName":"search_term_string"}}],"inLanguage":"sk-SK"}]}},"_links":{"self":[{"href":"https:\/\/www.ixperta.com\/sk\/wp-json\/wp\/v2\/pages\/79","targetHints":{"allow":["GET"]}}],"collection":[{"href":"https:\/\/www.ixperta.com\/sk\/wp-json\/wp\/v2\/pages"}],"about":[{"href":"https:\/\/www.ixperta.com\/sk\/wp-json\/wp\/v2\/types\/page"}],"author":[{"embeddable":true,"href":"https:\/\/www.ixperta.com\/sk\/wp-json\/wp\/v2\/users\/1"}],"replies":[{"embeddable":true,"href":"https:\/\/www.ixperta.com\/sk\/wp-json\/wp\/v2\/comments?post=79"}],"version-history":[{"count":9,"href":"https:\/\/www.ixperta.com\/sk\/wp-json\/wp\/v2\/pages\/79\/revisions"}],"predecessor-version":[{"id":3113,"href":"https:\/\/www.ixperta.com\/sk\/wp-json\/wp\/v2\/pages\/79\/revisions\/3113"}],"wp:attachment":[{"href":"https:\/\/www.ixperta.com\/sk\/wp-json\/wp\/v2\/media?parent=79"}],"curies":[{"name":"wp","href":"https:\/\/api.w.org\/{rel}","templated":true}]}}