{"id":555,"date":"2025-07-04T11:26:13","date_gmt":"2025-07-04T09:26:13","guid":{"rendered":"https:\/\/www.ixperta.com\/?page_id=555"},"modified":"2025-11-18T14:35:14","modified_gmt":"2025-11-18T13:35:14","slug":"vyskum","status":"publish","type":"page","link":"https:\/\/www.ixperta.com\/sk\/vyskum\/","title":{"rendered":"V\u00fdskum"},"content":{"rendered":"","protected":false},"excerpt":{"rendered":"<p><strong>Inov\u00e1cie m\u00e1me v DNA<\/strong><\/p>\n<p>Sme partnerom, ktor\u00fd akt\u00edvne formuje technologick\u00fd v\u00fdvoj. Pos\u00favame technologick\u00e9 hranice v oblastiach, kde na presnosti, bezpe\u010dnosti a automatiz\u00e1cii z\u00e1le\u017e\u00ed najviac \u2013 od dopravy cez priemysel a\u017e po digit\u00e1lnu infra\u0161trukt\u00faru. Sp\u00e1jame umel\u00fa inteligenciu, d\u00e1tov\u00e9 platformy a najnov\u0161ie technol\u00f3gie, aby sme vytv\u00e1rali rie\u0161enia pre bud\u00facnos\u0165.<\/p>\n","protected":false},"author":1,"featured_media":0,"parent":0,"menu_order":0,"comment_status":"closed","ping_status":"closed","template":"","meta":{"_acf_changed":false,"footnotes":""},"class_list":["post-555","page","type-page","status-publish","hentry"],"acf":[],"yoast_head":"<!-- This site is optimized with the Yoast SEO plugin v27.4 - https:\/\/yoast.com\/product\/yoast-seo-wordpress\/ -->\n<title>IT V\u00fdskum a V\u00fdvoj | IXPERTA<\/title>\n<meta name=\"description\" content=\"V\u00fdskumn\u00e9 projekty - \u017eelezni\u010dn\u00e1 doprava, AI aplik\u00e1cie, kybernetick\u00e1 bezpe\u010dnos\u0165. Eur\u00f3pske granty a inova\u010dn\u00e9 rie\u0161enia. Zistite viac.\" \/>\n<meta name=\"robots\" content=\"index, follow, max-snippet:-1, max-image-preview:large, max-video-preview:-1\" \/>\n<link rel=\"canonical\" href=\"https:\/\/www.ixperta.com\/sk\/vyskum\/\" \/>\n<meta property=\"og:locale\" content=\"sk_SK\" \/>\n<meta property=\"og:type\" content=\"article\" \/>\n<meta property=\"og:title\" content=\"IT V\u00fdskum a V\u00fdvoj | IXPERTA\" \/>\n<meta property=\"og:description\" content=\"V\u00fdskumn\u00e9 projekty - \u017eelezni\u010dn\u00e1 doprava, AI aplik\u00e1cie, kybernetick\u00e1 bezpe\u010dnos\u0165. Eur\u00f3pske granty a inova\u010dn\u00e9 rie\u0161enia. Zistite viac.\" \/>\n<meta property=\"og:url\" content=\"https:\/\/www.ixperta.com\/sk\/vyskum\/\" \/>\n<meta property=\"og:site_name\" content=\"IXPERTA\" \/>\n<meta property=\"article:modified_time\" content=\"2025-11-18T13:35:14+00:00\" \/>\n<meta property=\"og:image\" content=\"https:\/\/www.ixperta.com\/wp-content\/uploads\/2025\/10\/ixperta.png\" \/>\n\t<meta property=\"og:image:width\" content=\"1200\" \/>\n\t<meta property=\"og:image:height\" content=\"900\" \/>\n\t<meta property=\"og:image:type\" content=\"image\/png\" \/>\n<meta name=\"twitter:card\" content=\"summary_large_image\" \/>\n<meta name=\"twitter:label1\" content=\"Predpokladan\u00fd \u010das \u010d\u00edtania\" \/>\n\t<meta name=\"twitter:data1\" content=\"5 min\u00fat\" \/>\n<script type=\"application\/ld+json\" class=\"yoast-schema-graph\">{\"@context\":\"https:\\\/\\\/schema.org\",\"@graph\":[{\"@type\":\"WebPage\",\"@id\":\"https:\\\/\\\/www.ixperta.com\\\/sk\\\/vyskum\\\/\",\"url\":\"https:\\\/\\\/www.ixperta.com\\\/sk\\\/vyskum\\\/\",\"name\":\"IT V\u00fdskum a V\u00fdvoj | IXPERTA\",\"isPartOf\":{\"@id\":\"https:\\\/\\\/www.ixperta.com\\\/sk\\\/#website\"},\"datePublished\":\"2025-07-04T09:26:13+00:00\",\"dateModified\":\"2025-11-18T13:35:14+00:00\",\"description\":\"V\u00fdskumn\u00e9 projekty - \u017eelezni\u010dn\u00e1 doprava, AI aplik\u00e1cie, kybernetick\u00e1 bezpe\u010dnos\u0165. Eur\u00f3pske granty a inova\u010dn\u00e9 rie\u0161enia. Zistite viac.\",\"breadcrumb\":{\"@id\":\"https:\\\/\\\/www.ixperta.com\\\/sk\\\/vyskum\\\/#breadcrumb\"},\"inLanguage\":\"sk-SK\",\"potentialAction\":[{\"@type\":\"ReadAction\",\"target\":[\"https:\\\/\\\/www.ixperta.com\\\/sk\\\/vyskum\\\/\"]}]},{\"@type\":\"BreadcrumbList\",\"@id\":\"https:\\\/\\\/www.ixperta.com\\\/sk\\\/vyskum\\\/#breadcrumb\",\"itemListElement\":[{\"@type\":\"ListItem\",\"position\":1,\"name\":\"Domov\",\"item\":\"https:\\\/\\\/www.ixperta.com\\\/sk\\\/\"},{\"@type\":\"ListItem\",\"position\":2,\"name\":\"V\u00fdskum\"}]},{\"@type\":\"WebSite\",\"@id\":\"https:\\\/\\\/www.ixperta.com\\\/sk\\\/#website\",\"url\":\"https:\\\/\\\/www.ixperta.com\\\/sk\\\/\",\"name\":\"IXPERTA\",\"description\":\"\",\"potentialAction\":[{\"@type\":\"SearchAction\",\"target\":{\"@type\":\"EntryPoint\",\"urlTemplate\":\"https:\\\/\\\/www.ixperta.com\\\/sk\\\/?s={search_term_string}\"},\"query-input\":{\"@type\":\"PropertyValueSpecification\",\"valueRequired\":true,\"valueName\":\"search_term_string\"}}],\"inLanguage\":\"sk-SK\"}]}<\/script>\n<!-- \/ Yoast SEO plugin. -->","yoast_head_json":{"title":"IT V\u00fdskum a V\u00fdvoj | IXPERTA","description":"V\u00fdskumn\u00e9 projekty - \u017eelezni\u010dn\u00e1 doprava, AI aplik\u00e1cie, kybernetick\u00e1 bezpe\u010dnos\u0165. Eur\u00f3pske granty a inova\u010dn\u00e9 rie\u0161enia. Zistite viac.","robots":{"index":"index","follow":"follow","max-snippet":"max-snippet:-1","max-image-preview":"max-image-preview:large","max-video-preview":"max-video-preview:-1"},"canonical":"https:\/\/www.ixperta.com\/sk\/vyskum\/","og_locale":"sk_SK","og_type":"article","og_title":"IT V\u00fdskum a V\u00fdvoj | IXPERTA","og_description":"V\u00fdskumn\u00e9 projekty - \u017eelezni\u010dn\u00e1 doprava, AI aplik\u00e1cie, kybernetick\u00e1 bezpe\u010dnos\u0165. Eur\u00f3pske granty a inova\u010dn\u00e9 rie\u0161enia. Zistite viac.","og_url":"https:\/\/www.ixperta.com\/sk\/vyskum\/","og_site_name":"IXPERTA","article_modified_time":"2025-11-18T13:35:14+00:00","og_image":[{"width":1200,"height":900,"url":"https:\/\/www.ixperta.com\/wp-content\/uploads\/2025\/10\/ixperta.png","type":"image\/png"}],"twitter_card":"summary_large_image","twitter_misc":{"Predpokladan\u00fd \u010das \u010d\u00edtania":"5 min\u00fat"},"schema":{"@context":"https:\/\/schema.org","@graph":[{"@type":"WebPage","@id":"https:\/\/www.ixperta.com\/sk\/vyskum\/","url":"https:\/\/www.ixperta.com\/sk\/vyskum\/","name":"IT V\u00fdskum a V\u00fdvoj | IXPERTA","isPartOf":{"@id":"https:\/\/www.ixperta.com\/sk\/#website"},"datePublished":"2025-07-04T09:26:13+00:00","dateModified":"2025-11-18T13:35:14+00:00","description":"V\u00fdskumn\u00e9 projekty - \u017eelezni\u010dn\u00e1 doprava, AI aplik\u00e1cie, kybernetick\u00e1 bezpe\u010dnos\u0165. Eur\u00f3pske granty a inova\u010dn\u00e9 rie\u0161enia. Zistite viac.","breadcrumb":{"@id":"https:\/\/www.ixperta.com\/sk\/vyskum\/#breadcrumb"},"inLanguage":"sk-SK","potentialAction":[{"@type":"ReadAction","target":["https:\/\/www.ixperta.com\/sk\/vyskum\/"]}]},{"@type":"BreadcrumbList","@id":"https:\/\/www.ixperta.com\/sk\/vyskum\/#breadcrumb","itemListElement":[{"@type":"ListItem","position":1,"name":"Domov","item":"https:\/\/www.ixperta.com\/sk\/"},{"@type":"ListItem","position":2,"name":"V\u00fdskum"}]},{"@type":"WebSite","@id":"https:\/\/www.ixperta.com\/sk\/#website","url":"https:\/\/www.ixperta.com\/sk\/","name":"IXPERTA","description":"","potentialAction":[{"@type":"SearchAction","target":{"@type":"EntryPoint","urlTemplate":"https:\/\/www.ixperta.com\/sk\/?s={search_term_string}"},"query-input":{"@type":"PropertyValueSpecification","valueRequired":true,"valueName":"search_term_string"}}],"inLanguage":"sk-SK"}]}},"_links":{"self":[{"href":"https:\/\/www.ixperta.com\/sk\/wp-json\/wp\/v2\/pages\/555","targetHints":{"allow":["GET"]}}],"collection":[{"href":"https:\/\/www.ixperta.com\/sk\/wp-json\/wp\/v2\/pages"}],"about":[{"href":"https:\/\/www.ixperta.com\/sk\/wp-json\/wp\/v2\/types\/page"}],"author":[{"embeddable":true,"href":"https:\/\/www.ixperta.com\/sk\/wp-json\/wp\/v2\/users\/1"}],"replies":[{"embeddable":true,"href":"https:\/\/www.ixperta.com\/sk\/wp-json\/wp\/v2\/comments?post=555"}],"version-history":[{"count":35,"href":"https:\/\/www.ixperta.com\/sk\/wp-json\/wp\/v2\/pages\/555\/revisions"}],"predecessor-version":[{"id":4194,"href":"https:\/\/www.ixperta.com\/sk\/wp-json\/wp\/v2\/pages\/555\/revisions\/4194"}],"wp:attachment":[{"href":"https:\/\/www.ixperta.com\/sk\/wp-json\/wp\/v2\/media?parent=555"}],"curies":[{"name":"wp","href":"https:\/\/api.w.org\/{rel}","templated":true}]}}