{"id":546,"date":"2025-07-04T11:14:58","date_gmt":"2025-07-04T09:14:58","guid":{"rendered":"https:\/\/www.ixperta.com\/?page_id=546"},"modified":"2025-09-24T12:35:48","modified_gmt":"2025-09-24T10:35:48","slug":"certifikaty","status":"publish","type":"page","link":"https:\/\/www.ixperta.com\/sk\/certifikaty\/","title":{"rendered":"Certifik\u00e1ty"},"content":{"rendered":"","protected":false},"excerpt":{"rendered":"<p><strong>Bezpe\u010dnos\u0165, kvalita a spo\u013eahlivos\u0165 s\u00fa pre n\u00e1s v IXPERTA k\u013e\u00fa\u010dov\u00e9.<\/strong><\/p>\n<p>Sp\u013a\u0148ame pr\u00edsne medzin\u00e1rodn\u00e9 normy a disponujeme certifik\u00e1ciami, ktor\u00e9 potvrdzuj\u00fa n\u00e1\u0161 z\u00e1v\u00e4zok k vysok\u00fdm \u0161tandardom. Patr\u00edme medzi certifikovan\u00e9 spolo\u010dnosti pod\u013ea ISO 9001, ISO 14001, ISO 20000-1, ISO 27001, ISO 27017 a ISO 27018 a slu\u017eby poskytujeme v s\u00falade s GDPR (General Data Protection\u00a0Regulation).<\/p>\n","protected":false},"author":1,"featured_media":0,"parent":0,"menu_order":0,"comment_status":"closed","ping_status":"closed","template":"","meta":{"_acf_changed":false,"footnotes":""},"class_list":["post-546","page","type-page","status-publish","hentry"],"acf":[],"yoast_head":"<!-- This site is optimized with the Yoast SEO plugin v27.4 - https:\/\/yoast.com\/product\/yoast-seo-wordpress\/ -->\n<title>Certifikovan\u00e9 technologick\u00e9 rie\u0161enia | IXPERTA<\/title>\n<meta name=\"description\" content=\"Bezpe\u010dnos\u0165, kvalita a spo\u013eahlivos\u0165 s\u00fa pre n\u00e1s v IXPERTA k\u013e\u00fa\u010dov\u00e9. Disponujeme certifik\u00e1tmi, ako s\u00fa ISO 9001, ISO 27001 a \u010fal\u0161ie.\" \/>\n<meta name=\"robots\" content=\"index, follow, max-snippet:-1, max-image-preview:large, max-video-preview:-1\" \/>\n<link rel=\"canonical\" href=\"https:\/\/www.ixperta.com\/sk\/certifikaty\/\" \/>\n<meta property=\"og:locale\" content=\"sk_SK\" \/>\n<meta property=\"og:type\" content=\"article\" \/>\n<meta property=\"og:title\" content=\"Certifikovan\u00e9 technologick\u00e9 rie\u0161enia | IXPERTA\" \/>\n<meta property=\"og:description\" content=\"Bezpe\u010dnos\u0165, kvalita a spo\u013eahlivos\u0165 s\u00fa pre n\u00e1s v IXPERTA k\u013e\u00fa\u010dov\u00e9. Disponujeme certifik\u00e1tmi, ako s\u00fa ISO 9001, ISO 27001 a \u010fal\u0161ie.\" \/>\n<meta property=\"og:url\" content=\"https:\/\/www.ixperta.com\/sk\/certifikaty\/\" \/>\n<meta property=\"og:site_name\" content=\"IXPERTA\" \/>\n<meta property=\"article:modified_time\" content=\"2025-09-24T10:35:48+00:00\" \/>\n<meta property=\"og:image\" content=\"https:\/\/www.ixperta.com\/wp-content\/uploads\/2025\/10\/ixperta.png\" \/>\n\t<meta property=\"og:image:width\" content=\"1200\" \/>\n\t<meta property=\"og:image:height\" content=\"900\" \/>\n\t<meta property=\"og:image:type\" content=\"image\/png\" \/>\n<meta name=\"twitter:card\" content=\"summary_large_image\" \/>\n<meta name=\"twitter:label1\" content=\"Predpokladan\u00fd \u010das \u010d\u00edtania\" \/>\n\t<meta name=\"twitter:data1\" content=\"3 min\u00faty\" \/>\n<script type=\"application\/ld+json\" class=\"yoast-schema-graph\">{\"@context\":\"https:\\\/\\\/schema.org\",\"@graph\":[{\"@type\":\"WebPage\",\"@id\":\"https:\\\/\\\/www.ixperta.com\\\/sk\\\/certifikaty\\\/\",\"url\":\"https:\\\/\\\/www.ixperta.com\\\/sk\\\/certifikaty\\\/\",\"name\":\"Certifikovan\u00e9 technologick\u00e9 rie\u0161enia | IXPERTA\",\"isPartOf\":{\"@id\":\"https:\\\/\\\/www.ixperta.com\\\/sk\\\/#website\"},\"datePublished\":\"2025-07-04T09:14:58+00:00\",\"dateModified\":\"2025-09-24T10:35:48+00:00\",\"description\":\"Bezpe\u010dnos\u0165, kvalita a spo\u013eahlivos\u0165 s\u00fa pre n\u00e1s v IXPERTA k\u013e\u00fa\u010dov\u00e9. Disponujeme certifik\u00e1tmi, ako s\u00fa ISO 9001, ISO 27001 a \u010fal\u0161ie.\",\"breadcrumb\":{\"@id\":\"https:\\\/\\\/www.ixperta.com\\\/sk\\\/certifikaty\\\/#breadcrumb\"},\"inLanguage\":\"sk-SK\",\"potentialAction\":[{\"@type\":\"ReadAction\",\"target\":[\"https:\\\/\\\/www.ixperta.com\\\/sk\\\/certifikaty\\\/\"]}]},{\"@type\":\"BreadcrumbList\",\"@id\":\"https:\\\/\\\/www.ixperta.com\\\/sk\\\/certifikaty\\\/#breadcrumb\",\"itemListElement\":[{\"@type\":\"ListItem\",\"position\":1,\"name\":\"Domov\",\"item\":\"https:\\\/\\\/www.ixperta.com\\\/sk\\\/\"},{\"@type\":\"ListItem\",\"position\":2,\"name\":\"Certifik\u00e1ty\"}]},{\"@type\":\"WebSite\",\"@id\":\"https:\\\/\\\/www.ixperta.com\\\/sk\\\/#website\",\"url\":\"https:\\\/\\\/www.ixperta.com\\\/sk\\\/\",\"name\":\"IXPERTA\",\"description\":\"\",\"potentialAction\":[{\"@type\":\"SearchAction\",\"target\":{\"@type\":\"EntryPoint\",\"urlTemplate\":\"https:\\\/\\\/www.ixperta.com\\\/sk\\\/?s={search_term_string}\"},\"query-input\":{\"@type\":\"PropertyValueSpecification\",\"valueRequired\":true,\"valueName\":\"search_term_string\"}}],\"inLanguage\":\"sk-SK\"}]}<\/script>\n<!-- \/ Yoast SEO plugin. -->","yoast_head_json":{"title":"Certifikovan\u00e9 technologick\u00e9 rie\u0161enia | IXPERTA","description":"Bezpe\u010dnos\u0165, kvalita a spo\u013eahlivos\u0165 s\u00fa pre n\u00e1s v IXPERTA k\u013e\u00fa\u010dov\u00e9. Disponujeme certifik\u00e1tmi, ako s\u00fa ISO 9001, ISO 27001 a \u010fal\u0161ie.","robots":{"index":"index","follow":"follow","max-snippet":"max-snippet:-1","max-image-preview":"max-image-preview:large","max-video-preview":"max-video-preview:-1"},"canonical":"https:\/\/www.ixperta.com\/sk\/certifikaty\/","og_locale":"sk_SK","og_type":"article","og_title":"Certifikovan\u00e9 technologick\u00e9 rie\u0161enia | IXPERTA","og_description":"Bezpe\u010dnos\u0165, kvalita a spo\u013eahlivos\u0165 s\u00fa pre n\u00e1s v IXPERTA k\u013e\u00fa\u010dov\u00e9. Disponujeme certifik\u00e1tmi, ako s\u00fa ISO 9001, ISO 27001 a \u010fal\u0161ie.","og_url":"https:\/\/www.ixperta.com\/sk\/certifikaty\/","og_site_name":"IXPERTA","article_modified_time":"2025-09-24T10:35:48+00:00","og_image":[{"width":1200,"height":900,"url":"https:\/\/www.ixperta.com\/wp-content\/uploads\/2025\/10\/ixperta.png","type":"image\/png"}],"twitter_card":"summary_large_image","twitter_misc":{"Predpokladan\u00fd \u010das \u010d\u00edtania":"3 min\u00faty"},"schema":{"@context":"https:\/\/schema.org","@graph":[{"@type":"WebPage","@id":"https:\/\/www.ixperta.com\/sk\/certifikaty\/","url":"https:\/\/www.ixperta.com\/sk\/certifikaty\/","name":"Certifikovan\u00e9 technologick\u00e9 rie\u0161enia | IXPERTA","isPartOf":{"@id":"https:\/\/www.ixperta.com\/sk\/#website"},"datePublished":"2025-07-04T09:14:58+00:00","dateModified":"2025-09-24T10:35:48+00:00","description":"Bezpe\u010dnos\u0165, kvalita a spo\u013eahlivos\u0165 s\u00fa pre n\u00e1s v IXPERTA k\u013e\u00fa\u010dov\u00e9. Disponujeme certifik\u00e1tmi, ako s\u00fa ISO 9001, ISO 27001 a \u010fal\u0161ie.","breadcrumb":{"@id":"https:\/\/www.ixperta.com\/sk\/certifikaty\/#breadcrumb"},"inLanguage":"sk-SK","potentialAction":[{"@type":"ReadAction","target":["https:\/\/www.ixperta.com\/sk\/certifikaty\/"]}]},{"@type":"BreadcrumbList","@id":"https:\/\/www.ixperta.com\/sk\/certifikaty\/#breadcrumb","itemListElement":[{"@type":"ListItem","position":1,"name":"Domov","item":"https:\/\/www.ixperta.com\/sk\/"},{"@type":"ListItem","position":2,"name":"Certifik\u00e1ty"}]},{"@type":"WebSite","@id":"https:\/\/www.ixperta.com\/sk\/#website","url":"https:\/\/www.ixperta.com\/sk\/","name":"IXPERTA","description":"","potentialAction":[{"@type":"SearchAction","target":{"@type":"EntryPoint","urlTemplate":"https:\/\/www.ixperta.com\/sk\/?s={search_term_string}"},"query-input":{"@type":"PropertyValueSpecification","valueRequired":true,"valueName":"search_term_string"}}],"inLanguage":"sk-SK"}]}},"_links":{"self":[{"href":"https:\/\/www.ixperta.com\/sk\/wp-json\/wp\/v2\/pages\/546","targetHints":{"allow":["GET"]}}],"collection":[{"href":"https:\/\/www.ixperta.com\/sk\/wp-json\/wp\/v2\/pages"}],"about":[{"href":"https:\/\/www.ixperta.com\/sk\/wp-json\/wp\/v2\/types\/page"}],"author":[{"embeddable":true,"href":"https:\/\/www.ixperta.com\/sk\/wp-json\/wp\/v2\/users\/1"}],"replies":[{"embeddable":true,"href":"https:\/\/www.ixperta.com\/sk\/wp-json\/wp\/v2\/comments?post=546"}],"version-history":[{"count":22,"href":"https:\/\/www.ixperta.com\/sk\/wp-json\/wp\/v2\/pages\/546\/revisions"}],"predecessor-version":[{"id":3075,"href":"https:\/\/www.ixperta.com\/sk\/wp-json\/wp\/v2\/pages\/546\/revisions\/3075"}],"wp:attachment":[{"href":"https:\/\/www.ixperta.com\/sk\/wp-json\/wp\/v2\/media?parent=546"}],"curies":[{"name":"wp","href":"https:\/\/api.w.org\/{rel}","templated":true}]}}