{"id":51,"date":"2025-07-01T08:43:54","date_gmt":"2025-07-01T06:43:54","guid":{"rendered":"https:\/\/www.ixperta.com\/?page_id=51"},"modified":"2025-10-13T17:09:25","modified_gmt":"2025-10-13T15:09:25","slug":"riesenia-pre-financne-trhy-a-trading","status":"publish","type":"page","link":"https:\/\/www.ixperta.com\/sk\/inovacie\/riesenia-pre-financne-trhy-a-trading\/","title":{"rendered":"Inov\u00e1cie pre finan\u010dn\u00e9 trhy a trading"},"content":{"rendered":"","protected":false},"excerpt":{"rendered":"<p><strong>Technol\u00f3gie, ktor\u00e9 dr\u017eia krok s trhom.<\/strong><\/p>\n<p>Prin\u00e1\u0161ame inovat\u00edvne technologick\u00e9 rie\u0161enia pre finan\u010dn\u00e9 trhy a trading, ktor\u00e9 zvl\u00e1daj\u00fa extr\u00e9mnu z\u00e1\u0165a\u017e a zais\u0165uj\u00fa spo\u013eahliv\u00fa komunik\u00e1ciu pre kritick\u00e9 obchodn\u00e9 oper\u00e1cie. Na\u0161e rie\u0161enia umo\u017e\u0148uj\u00fa modern\u00fd trading v s\u00falade s najvy\u0161\u0161\u00edmi \u0161tandardmi v oblasti d\u00e1tovej bezpe\u010dnosti a v\u00fdkonu. <\/p>\n<p>Vyu\u017e\u00edvaj\u00fa ich banky, brokersk\u00e9 domy, investi\u010dn\u00e9 fondy aj obchodn\u00edci s cenn\u00fdmi papiermi. <\/p>\n","protected":false},"author":1,"featured_media":0,"parent":17,"menu_order":0,"comment_status":"closed","ping_status":"closed","template":"","meta":{"_acf_changed":false,"footnotes":""},"class_list":["post-51","page","type-page","status-publish","hentry"],"acf":[],"yoast_head":"<!-- This site is optimized with the Yoast SEO plugin v27.4 - https:\/\/yoast.com\/product\/yoast-seo-wordpress\/ -->\n<title>Inov\u00e1cie pre finan\u010dn\u00e9 trhy | Rie\u0161enia pre trading platformy<\/title>\n<meta name=\"description\" content=\"Prin\u00e1\u0161ame inovat\u00edvne technologick\u00e9 rie\u0161enia pre finan\u010dn\u00e9 trhy a trading. N\u00edzka latencia, multimod\u00e1lna komunik\u00e1cia a bezpe\u010dnos\u0165 pre trading t\u00edmy. Spojme sa.\" \/>\n<meta name=\"robots\" content=\"index, follow, max-snippet:-1, max-image-preview:large, max-video-preview:-1\" \/>\n<link rel=\"canonical\" href=\"https:\/\/www.ixperta.com\/sk\/inovacie\/riesenia-pre-financne-trhy-a-trading\/\" \/>\n<meta property=\"og:locale\" content=\"sk_SK\" \/>\n<meta property=\"og:type\" content=\"article\" \/>\n<meta property=\"og:title\" content=\"Inov\u00e1cie pre finan\u010dn\u00e9 trhy | Rie\u0161enia pre trading platformy\" \/>\n<meta property=\"og:description\" content=\"Prin\u00e1\u0161ame inovat\u00edvne technologick\u00e9 rie\u0161enia pre finan\u010dn\u00e9 trhy a trading. N\u00edzka latencia, multimod\u00e1lna komunik\u00e1cia a bezpe\u010dnos\u0165 pre trading t\u00edmy. Spojme sa.\" \/>\n<meta property=\"og:url\" content=\"https:\/\/www.ixperta.com\/sk\/inovacie\/riesenia-pre-financne-trhy-a-trading\/\" \/>\n<meta property=\"og:site_name\" content=\"IXPERTA\" \/>\n<meta property=\"article:modified_time\" content=\"2025-10-13T15:09:25+00:00\" \/>\n<meta property=\"og:image\" content=\"https:\/\/www.ixperta.com\/wp-content\/uploads\/2025\/10\/ixperta.png\" \/>\n\t<meta property=\"og:image:width\" content=\"1200\" \/>\n\t<meta property=\"og:image:height\" content=\"900\" \/>\n\t<meta property=\"og:image:type\" content=\"image\/png\" \/>\n<meta name=\"twitter:card\" content=\"summary_large_image\" \/>\n<meta name=\"twitter:label1\" content=\"Predpokladan\u00fd \u010das \u010d\u00edtania\" \/>\n\t<meta name=\"twitter:data1\" content=\"3 min\u00faty\" \/>\n<script type=\"application\/ld+json\" class=\"yoast-schema-graph\">{\"@context\":\"https:\\\/\\\/schema.org\",\"@graph\":[{\"@type\":\"WebPage\",\"@id\":\"https:\\\/\\\/www.ixperta.com\\\/sk\\\/inovacie\\\/riesenia-pre-financne-trhy-a-trading\\\/\",\"url\":\"https:\\\/\\\/www.ixperta.com\\\/sk\\\/inovacie\\\/riesenia-pre-financne-trhy-a-trading\\\/\",\"name\":\"Inov\u00e1cie pre finan\u010dn\u00e9 trhy | Rie\u0161enia pre trading platformy\",\"isPartOf\":{\"@id\":\"https:\\\/\\\/www.ixperta.com\\\/sk\\\/#website\"},\"datePublished\":\"2025-07-01T06:43:54+00:00\",\"dateModified\":\"2025-10-13T15:09:25+00:00\",\"description\":\"Prin\u00e1\u0161ame inovat\u00edvne technologick\u00e9 rie\u0161enia pre finan\u010dn\u00e9 trhy a trading. N\u00edzka latencia, multimod\u00e1lna komunik\u00e1cia a bezpe\u010dnos\u0165 pre trading t\u00edmy. Spojme sa.\",\"breadcrumb\":{\"@id\":\"https:\\\/\\\/www.ixperta.com\\\/sk\\\/inovacie\\\/riesenia-pre-financne-trhy-a-trading\\\/#breadcrumb\"},\"inLanguage\":\"sk-SK\",\"potentialAction\":[{\"@type\":\"ReadAction\",\"target\":[\"https:\\\/\\\/www.ixperta.com\\\/sk\\\/inovacie\\\/riesenia-pre-financne-trhy-a-trading\\\/\"]}]},{\"@type\":\"BreadcrumbList\",\"@id\":\"https:\\\/\\\/www.ixperta.com\\\/sk\\\/inovacie\\\/riesenia-pre-financne-trhy-a-trading\\\/#breadcrumb\",\"itemListElement\":[{\"@type\":\"ListItem\",\"position\":1,\"name\":\"Domov\",\"item\":\"https:\\\/\\\/www.ixperta.com\\\/sk\\\/\"},{\"@type\":\"ListItem\",\"position\":2,\"name\":\"Inov\u00e1cie\",\"item\":\"https:\\\/\\\/www.ixperta.com\\\/sk\\\/inovacie\\\/\"},{\"@type\":\"ListItem\",\"position\":3,\"name\":\"Inov\u00e1cie pre finan\u010dn\u00e9 trhy a trading\"}]},{\"@type\":\"WebSite\",\"@id\":\"https:\\\/\\\/www.ixperta.com\\\/sk\\\/#website\",\"url\":\"https:\\\/\\\/www.ixperta.com\\\/sk\\\/\",\"name\":\"IXPERTA\",\"description\":\"\",\"potentialAction\":[{\"@type\":\"SearchAction\",\"target\":{\"@type\":\"EntryPoint\",\"urlTemplate\":\"https:\\\/\\\/www.ixperta.com\\\/sk\\\/?s={search_term_string}\"},\"query-input\":{\"@type\":\"PropertyValueSpecification\",\"valueRequired\":true,\"valueName\":\"search_term_string\"}}],\"inLanguage\":\"sk-SK\"}]}<\/script>\n<!-- \/ Yoast SEO plugin. -->","yoast_head_json":{"title":"Inov\u00e1cie pre finan\u010dn\u00e9 trhy | Rie\u0161enia pre trading platformy","description":"Prin\u00e1\u0161ame inovat\u00edvne technologick\u00e9 rie\u0161enia pre finan\u010dn\u00e9 trhy a trading. N\u00edzka latencia, multimod\u00e1lna komunik\u00e1cia a bezpe\u010dnos\u0165 pre trading t\u00edmy. Spojme sa.","robots":{"index":"index","follow":"follow","max-snippet":"max-snippet:-1","max-image-preview":"max-image-preview:large","max-video-preview":"max-video-preview:-1"},"canonical":"https:\/\/www.ixperta.com\/sk\/inovacie\/riesenia-pre-financne-trhy-a-trading\/","og_locale":"sk_SK","og_type":"article","og_title":"Inov\u00e1cie pre finan\u010dn\u00e9 trhy | Rie\u0161enia pre trading platformy","og_description":"Prin\u00e1\u0161ame inovat\u00edvne technologick\u00e9 rie\u0161enia pre finan\u010dn\u00e9 trhy a trading. N\u00edzka latencia, multimod\u00e1lna komunik\u00e1cia a bezpe\u010dnos\u0165 pre trading t\u00edmy. Spojme sa.","og_url":"https:\/\/www.ixperta.com\/sk\/inovacie\/riesenia-pre-financne-trhy-a-trading\/","og_site_name":"IXPERTA","article_modified_time":"2025-10-13T15:09:25+00:00","og_image":[{"width":1200,"height":900,"url":"https:\/\/www.ixperta.com\/wp-content\/uploads\/2025\/10\/ixperta.png","type":"image\/png"}],"twitter_card":"summary_large_image","twitter_misc":{"Predpokladan\u00fd \u010das \u010d\u00edtania":"3 min\u00faty"},"schema":{"@context":"https:\/\/schema.org","@graph":[{"@type":"WebPage","@id":"https:\/\/www.ixperta.com\/sk\/inovacie\/riesenia-pre-financne-trhy-a-trading\/","url":"https:\/\/www.ixperta.com\/sk\/inovacie\/riesenia-pre-financne-trhy-a-trading\/","name":"Inov\u00e1cie pre finan\u010dn\u00e9 trhy | Rie\u0161enia pre trading platformy","isPartOf":{"@id":"https:\/\/www.ixperta.com\/sk\/#website"},"datePublished":"2025-07-01T06:43:54+00:00","dateModified":"2025-10-13T15:09:25+00:00","description":"Prin\u00e1\u0161ame inovat\u00edvne technologick\u00e9 rie\u0161enia pre finan\u010dn\u00e9 trhy a trading. N\u00edzka latencia, multimod\u00e1lna komunik\u00e1cia a bezpe\u010dnos\u0165 pre trading t\u00edmy. Spojme sa.","breadcrumb":{"@id":"https:\/\/www.ixperta.com\/sk\/inovacie\/riesenia-pre-financne-trhy-a-trading\/#breadcrumb"},"inLanguage":"sk-SK","potentialAction":[{"@type":"ReadAction","target":["https:\/\/www.ixperta.com\/sk\/inovacie\/riesenia-pre-financne-trhy-a-trading\/"]}]},{"@type":"BreadcrumbList","@id":"https:\/\/www.ixperta.com\/sk\/inovacie\/riesenia-pre-financne-trhy-a-trading\/#breadcrumb","itemListElement":[{"@type":"ListItem","position":1,"name":"Domov","item":"https:\/\/www.ixperta.com\/sk\/"},{"@type":"ListItem","position":2,"name":"Inov\u00e1cie","item":"https:\/\/www.ixperta.com\/sk\/inovacie\/"},{"@type":"ListItem","position":3,"name":"Inov\u00e1cie pre finan\u010dn\u00e9 trhy a trading"}]},{"@type":"WebSite","@id":"https:\/\/www.ixperta.com\/sk\/#website","url":"https:\/\/www.ixperta.com\/sk\/","name":"IXPERTA","description":"","potentialAction":[{"@type":"SearchAction","target":{"@type":"EntryPoint","urlTemplate":"https:\/\/www.ixperta.com\/sk\/?s={search_term_string}"},"query-input":{"@type":"PropertyValueSpecification","valueRequired":true,"valueName":"search_term_string"}}],"inLanguage":"sk-SK"}]}},"_links":{"self":[{"href":"https:\/\/www.ixperta.com\/sk\/wp-json\/wp\/v2\/pages\/51","targetHints":{"allow":["GET"]}}],"collection":[{"href":"https:\/\/www.ixperta.com\/sk\/wp-json\/wp\/v2\/pages"}],"about":[{"href":"https:\/\/www.ixperta.com\/sk\/wp-json\/wp\/v2\/types\/page"}],"author":[{"embeddable":true,"href":"https:\/\/www.ixperta.com\/sk\/wp-json\/wp\/v2\/users\/1"}],"replies":[{"embeddable":true,"href":"https:\/\/www.ixperta.com\/sk\/wp-json\/wp\/v2\/comments?post=51"}],"version-history":[{"count":6,"href":"https:\/\/www.ixperta.com\/sk\/wp-json\/wp\/v2\/pages\/51\/revisions"}],"predecessor-version":[{"id":2523,"href":"https:\/\/www.ixperta.com\/sk\/wp-json\/wp\/v2\/pages\/51\/revisions\/2523"}],"up":[{"embeddable":true,"href":"https:\/\/www.ixperta.com\/sk\/wp-json\/wp\/v2\/pages\/17"}],"wp:attachment":[{"href":"https:\/\/www.ixperta.com\/sk\/wp-json\/wp\/v2\/media?parent=51"}],"curies":[{"name":"wp","href":"https:\/\/api.w.org\/{rel}","templated":true}]}}