{"id":5076,"date":"2026-02-16T15:39:19","date_gmt":"2026-02-16T14:39:19","guid":{"rendered":"https:\/\/www.ixperta.com\/enforcelink\/mam-zajem-o-konzultaci\/"},"modified":"2026-02-20T08:09:34","modified_gmt":"2026-02-20T07:09:34","slug":"mam-zaujem-o-konzultaciu","status":"publish","type":"page","link":"https:\/\/www.ixperta.com\/sk\/enforcelink\/mam-zaujem-o-konzultaciu\/","title":{"rendered":"M\u00e1m z\u00e1ujem o konzult\u00e1ciu"},"content":{"rendered":"","protected":false},"excerpt":{"rendered":"<p>M\u00e1m z\u00e1ujem o nez\u00e1v\u00e4zn\u00fa konzult\u00e1ciu k integr\u00e1cii XDR a NAC a automatizovan\u00e9mu riadeniu pr\u00edstupov so siete.<\/p>\n","protected":false},"author":4,"featured_media":0,"parent":5051,"menu_order":0,"comment_status":"closed","ping_status":"closed","template":"","meta":{"_acf_changed":false,"footnotes":""},"class_list":["post-5076","page","type-page","status-publish","hentry"],"acf":[],"yoast_head":"<!-- This site is optimized with the Yoast SEO plugin v27.4 - https:\/\/yoast.com\/product\/yoast-seo-wordpress\/ -->\n<title>M\u00e1m z\u00e1ujem o konzult\u00e1ciu - IXPERTA<\/title>\n<meta name=\"robots\" content=\"index, follow, max-snippet:-1, max-image-preview:large, max-video-preview:-1\" \/>\n<link rel=\"canonical\" href=\"https:\/\/www.ixperta.com\/sk\/enforcelink\/mam-zaujem-o-konzultaciu\/\" \/>\n<meta property=\"og:locale\" content=\"sk_SK\" \/>\n<meta property=\"og:type\" content=\"article\" \/>\n<meta property=\"og:title\" content=\"M\u00e1m z\u00e1ujem o konzult\u00e1ciu - IXPERTA\" \/>\n<meta property=\"og:description\" content=\"M\u00e1m z\u00e1ujem o nez\u00e1v\u00e4zn\u00fa konzult\u00e1ciu k integr\u00e1cii XDR a NAC a automatizovan\u00e9mu riadeniu pr\u00edstupov so siete.\" \/>\n<meta property=\"og:url\" content=\"https:\/\/www.ixperta.com\/sk\/enforcelink\/mam-zaujem-o-konzultaciu\/\" \/>\n<meta property=\"og:site_name\" content=\"IXPERTA\" \/>\n<meta property=\"article:modified_time\" content=\"2026-02-20T07:09:34+00:00\" \/>\n<meta property=\"og:image\" content=\"https:\/\/www.ixperta.com\/wp-content\/uploads\/2025\/10\/ixperta.png\" \/>\n\t<meta property=\"og:image:width\" content=\"1200\" \/>\n\t<meta property=\"og:image:height\" content=\"900\" \/>\n\t<meta property=\"og:image:type\" content=\"image\/png\" \/>\n<meta name=\"twitter:card\" content=\"summary_large_image\" \/>\n<meta name=\"twitter:label1\" content=\"Predpokladan\u00fd \u010das \u010d\u00edtania\" \/>\n\t<meta name=\"twitter:data1\" content=\"1 min\u00fata\" \/>\n<script type=\"application\/ld+json\" class=\"yoast-schema-graph\">{\"@context\":\"https:\\\/\\\/schema.org\",\"@graph\":[{\"@type\":\"WebPage\",\"@id\":\"https:\\\/\\\/www.ixperta.com\\\/sk\\\/enforcelink\\\/mam-zaujem-o-konzultaciu\\\/\",\"url\":\"https:\\\/\\\/www.ixperta.com\\\/sk\\\/enforcelink\\\/mam-zaujem-o-konzultaciu\\\/\",\"name\":\"M\u00e1m z\u00e1ujem o konzult\u00e1ciu - IXPERTA\",\"isPartOf\":{\"@id\":\"https:\\\/\\\/www.ixperta.com\\\/sk\\\/#website\"},\"datePublished\":\"2026-02-16T14:39:19+00:00\",\"dateModified\":\"2026-02-20T07:09:34+00:00\",\"breadcrumb\":{\"@id\":\"https:\\\/\\\/www.ixperta.com\\\/sk\\\/enforcelink\\\/mam-zaujem-o-konzultaciu\\\/#breadcrumb\"},\"inLanguage\":\"sk-SK\",\"potentialAction\":[{\"@type\":\"ReadAction\",\"target\":[\"https:\\\/\\\/www.ixperta.com\\\/sk\\\/enforcelink\\\/mam-zaujem-o-konzultaciu\\\/\"]}]},{\"@type\":\"BreadcrumbList\",\"@id\":\"https:\\\/\\\/www.ixperta.com\\\/sk\\\/enforcelink\\\/mam-zaujem-o-konzultaciu\\\/#breadcrumb\",\"itemListElement\":[{\"@type\":\"ListItem\",\"position\":1,\"name\":\"Domov\",\"item\":\"https:\\\/\\\/www.ixperta.com\\\/sk\\\/\"},{\"@type\":\"ListItem\",\"position\":2,\"name\":\"EnforceLink\",\"item\":\"https:\\\/\\\/www.ixperta.com\\\/sk\\\/enforcelink\\\/\"},{\"@type\":\"ListItem\",\"position\":3,\"name\":\"M\u00e1m z\u00e1ujem o konzult\u00e1ciu\"}]},{\"@type\":\"WebSite\",\"@id\":\"https:\\\/\\\/www.ixperta.com\\\/sk\\\/#website\",\"url\":\"https:\\\/\\\/www.ixperta.com\\\/sk\\\/\",\"name\":\"IXPERTA\",\"description\":\"\",\"potentialAction\":[{\"@type\":\"SearchAction\",\"target\":{\"@type\":\"EntryPoint\",\"urlTemplate\":\"https:\\\/\\\/www.ixperta.com\\\/sk\\\/?s={search_term_string}\"},\"query-input\":{\"@type\":\"PropertyValueSpecification\",\"valueRequired\":true,\"valueName\":\"search_term_string\"}}],\"inLanguage\":\"sk-SK\"}]}<\/script>\n<!-- \/ Yoast SEO plugin. -->","yoast_head_json":{"title":"M\u00e1m z\u00e1ujem o konzult\u00e1ciu - IXPERTA","robots":{"index":"index","follow":"follow","max-snippet":"max-snippet:-1","max-image-preview":"max-image-preview:large","max-video-preview":"max-video-preview:-1"},"canonical":"https:\/\/www.ixperta.com\/sk\/enforcelink\/mam-zaujem-o-konzultaciu\/","og_locale":"sk_SK","og_type":"article","og_title":"M\u00e1m z\u00e1ujem o konzult\u00e1ciu - IXPERTA","og_description":"M\u00e1m z\u00e1ujem o nez\u00e1v\u00e4zn\u00fa konzult\u00e1ciu k integr\u00e1cii XDR a NAC a automatizovan\u00e9mu riadeniu pr\u00edstupov so siete.","og_url":"https:\/\/www.ixperta.com\/sk\/enforcelink\/mam-zaujem-o-konzultaciu\/","og_site_name":"IXPERTA","article_modified_time":"2026-02-20T07:09:34+00:00","og_image":[{"width":1200,"height":900,"url":"https:\/\/www.ixperta.com\/wp-content\/uploads\/2025\/10\/ixperta.png","type":"image\/png"}],"twitter_card":"summary_large_image","twitter_misc":{"Predpokladan\u00fd \u010das \u010d\u00edtania":"1 min\u00fata"},"schema":{"@context":"https:\/\/schema.org","@graph":[{"@type":"WebPage","@id":"https:\/\/www.ixperta.com\/sk\/enforcelink\/mam-zaujem-o-konzultaciu\/","url":"https:\/\/www.ixperta.com\/sk\/enforcelink\/mam-zaujem-o-konzultaciu\/","name":"M\u00e1m z\u00e1ujem o konzult\u00e1ciu - IXPERTA","isPartOf":{"@id":"https:\/\/www.ixperta.com\/sk\/#website"},"datePublished":"2026-02-16T14:39:19+00:00","dateModified":"2026-02-20T07:09:34+00:00","breadcrumb":{"@id":"https:\/\/www.ixperta.com\/sk\/enforcelink\/mam-zaujem-o-konzultaciu\/#breadcrumb"},"inLanguage":"sk-SK","potentialAction":[{"@type":"ReadAction","target":["https:\/\/www.ixperta.com\/sk\/enforcelink\/mam-zaujem-o-konzultaciu\/"]}]},{"@type":"BreadcrumbList","@id":"https:\/\/www.ixperta.com\/sk\/enforcelink\/mam-zaujem-o-konzultaciu\/#breadcrumb","itemListElement":[{"@type":"ListItem","position":1,"name":"Domov","item":"https:\/\/www.ixperta.com\/sk\/"},{"@type":"ListItem","position":2,"name":"EnforceLink","item":"https:\/\/www.ixperta.com\/sk\/enforcelink\/"},{"@type":"ListItem","position":3,"name":"M\u00e1m z\u00e1ujem o konzult\u00e1ciu"}]},{"@type":"WebSite","@id":"https:\/\/www.ixperta.com\/sk\/#website","url":"https:\/\/www.ixperta.com\/sk\/","name":"IXPERTA","description":"","potentialAction":[{"@type":"SearchAction","target":{"@type":"EntryPoint","urlTemplate":"https:\/\/www.ixperta.com\/sk\/?s={search_term_string}"},"query-input":{"@type":"PropertyValueSpecification","valueRequired":true,"valueName":"search_term_string"}}],"inLanguage":"sk-SK"}]}},"_links":{"self":[{"href":"https:\/\/www.ixperta.com\/sk\/wp-json\/wp\/v2\/pages\/5076","targetHints":{"allow":["GET"]}}],"collection":[{"href":"https:\/\/www.ixperta.com\/sk\/wp-json\/wp\/v2\/pages"}],"about":[{"href":"https:\/\/www.ixperta.com\/sk\/wp-json\/wp\/v2\/types\/page"}],"author":[{"embeddable":true,"href":"https:\/\/www.ixperta.com\/sk\/wp-json\/wp\/v2\/users\/4"}],"replies":[{"embeddable":true,"href":"https:\/\/www.ixperta.com\/sk\/wp-json\/wp\/v2\/comments?post=5076"}],"version-history":[{"count":3,"href":"https:\/\/www.ixperta.com\/sk\/wp-json\/wp\/v2\/pages\/5076\/revisions"}],"predecessor-version":[{"id":5085,"href":"https:\/\/www.ixperta.com\/sk\/wp-json\/wp\/v2\/pages\/5076\/revisions\/5085"}],"up":[{"embeddable":true,"href":"https:\/\/www.ixperta.com\/sk\/wp-json\/wp\/v2\/pages\/5051"}],"wp:attachment":[{"href":"https:\/\/www.ixperta.com\/sk\/wp-json\/wp\/v2\/media?parent=5076"}],"curies":[{"name":"wp","href":"https:\/\/api.w.org\/{rel}","templated":true}]}}