{"id":4566,"date":"2025-12-17T16:33:17","date_gmt":"2025-12-17T15:33:17","guid":{"rendered":"https:\/\/www.ixperta.com\/?page_id=4566"},"modified":"2026-02-09T12:37:33","modified_gmt":"2026-02-09T11:37:33","slug":"mendix","status":"publish","type":"page","link":"https:\/\/www.ixperta.com\/sk\/mendix\/","title":{"rendered":"Mendix"},"content":{"rendered":"","protected":false},"excerpt":{"rendered":"","protected":false},"author":1,"featured_media":0,"parent":0,"menu_order":0,"comment_status":"closed","ping_status":"closed","template":"page-headline-slider.php","meta":{"_acf_changed":false,"footnotes":""},"class_list":["post-4566","page","type-page","status-publish","hentry"],"acf":[],"yoast_head":"<!-- This site is optimized with the Yoast SEO plugin v27.3 - https:\/\/yoast.com\/product\/yoast-seo-wordpress\/ -->\n<title>Mendix - IXPERTA<\/title>\n<meta name=\"description\" content=\"Mendix low-code platforma pre r\u00fdchly v\u00fdvoj aplik\u00e1ci\u00ed. IXPERTA pom\u00e1ha firm\u00e1m digitalizova\u0165 procesy, integrova\u0165 syst\u00e9my a \u0161k\u00e1lova\u0165 rie\u0161enia.\" \/>\n<meta name=\"robots\" content=\"index, follow, max-snippet:-1, max-image-preview:large, max-video-preview:-1\" \/>\n<link rel=\"canonical\" href=\"https:\/\/www.ixperta.com\/sk\/mendix\/\" \/>\n<meta property=\"og:locale\" content=\"sk_SK\" \/>\n<meta property=\"og:type\" content=\"article\" \/>\n<meta property=\"og:title\" content=\"Mendix - IXPERTA\" \/>\n<meta property=\"og:description\" content=\"Mendix low-code platforma pre r\u00fdchly v\u00fdvoj aplik\u00e1ci\u00ed. IXPERTA pom\u00e1ha firm\u00e1m digitalizova\u0165 procesy, integrova\u0165 syst\u00e9my a \u0161k\u00e1lova\u0165 rie\u0161enia.\" \/>\n<meta property=\"og:url\" content=\"https:\/\/www.ixperta.com\/sk\/mendix\/\" \/>\n<meta property=\"og:site_name\" content=\"IXPERTA\" \/>\n<meta property=\"article:modified_time\" content=\"2026-02-09T11:37:33+00:00\" \/>\n<meta property=\"og:image\" content=\"https:\/\/www.ixperta.com\/wp-content\/uploads\/2025\/10\/ixperta.png\" \/>\n\t<meta property=\"og:image:width\" content=\"1200\" \/>\n\t<meta property=\"og:image:height\" content=\"900\" \/>\n\t<meta property=\"og:image:type\" content=\"image\/png\" \/>\n<meta name=\"twitter:card\" content=\"summary_large_image\" \/>\n<meta name=\"twitter:label1\" content=\"Predpokladan\u00fd \u010das \u010d\u00edtania\" \/>\n\t<meta name=\"twitter:data1\" content=\"8 min\u00fat\" \/>\n<script type=\"application\/ld+json\" class=\"yoast-schema-graph\">{\"@context\":\"https:\\\/\\\/schema.org\",\"@graph\":[{\"@type\":\"WebPage\",\"@id\":\"https:\\\/\\\/www.ixperta.com\\\/sk\\\/mendix\\\/\",\"url\":\"https:\\\/\\\/www.ixperta.com\\\/sk\\\/mendix\\\/\",\"name\":\"Mendix - IXPERTA\",\"isPartOf\":{\"@id\":\"https:\\\/\\\/www.ixperta.com\\\/sk\\\/#website\"},\"datePublished\":\"2025-12-17T15:33:17+00:00\",\"dateModified\":\"2026-02-09T11:37:33+00:00\",\"description\":\"Mendix low-code platforma pre r\u00fdchly v\u00fdvoj aplik\u00e1ci\u00ed. IXPERTA pom\u00e1ha firm\u00e1m digitalizova\u0165 procesy, integrova\u0165 syst\u00e9my a \u0161k\u00e1lova\u0165 rie\u0161enia.\",\"breadcrumb\":{\"@id\":\"https:\\\/\\\/www.ixperta.com\\\/sk\\\/mendix\\\/#breadcrumb\"},\"inLanguage\":\"sk-SK\",\"potentialAction\":[{\"@type\":\"ReadAction\",\"target\":[\"https:\\\/\\\/www.ixperta.com\\\/sk\\\/mendix\\\/\"]}]},{\"@type\":\"BreadcrumbList\",\"@id\":\"https:\\\/\\\/www.ixperta.com\\\/sk\\\/mendix\\\/#breadcrumb\",\"itemListElement\":[{\"@type\":\"ListItem\",\"position\":1,\"name\":\"Domov\",\"item\":\"https:\\\/\\\/www.ixperta.com\\\/sk\\\/\"},{\"@type\":\"ListItem\",\"position\":2,\"name\":\"Mendix\"}]},{\"@type\":\"WebSite\",\"@id\":\"https:\\\/\\\/www.ixperta.com\\\/sk\\\/#website\",\"url\":\"https:\\\/\\\/www.ixperta.com\\\/sk\\\/\",\"name\":\"IXPERTA\",\"description\":\"\",\"potentialAction\":[{\"@type\":\"SearchAction\",\"target\":{\"@type\":\"EntryPoint\",\"urlTemplate\":\"https:\\\/\\\/www.ixperta.com\\\/sk\\\/?s={search_term_string}\"},\"query-input\":{\"@type\":\"PropertyValueSpecification\",\"valueRequired\":true,\"valueName\":\"search_term_string\"}}],\"inLanguage\":\"sk-SK\"}]}<\/script>\n<!-- \/ Yoast SEO plugin. -->","yoast_head_json":{"title":"Mendix - IXPERTA","description":"Mendix low-code platforma pre r\u00fdchly v\u00fdvoj aplik\u00e1ci\u00ed. IXPERTA pom\u00e1ha firm\u00e1m digitalizova\u0165 procesy, integrova\u0165 syst\u00e9my a \u0161k\u00e1lova\u0165 rie\u0161enia.","robots":{"index":"index","follow":"follow","max-snippet":"max-snippet:-1","max-image-preview":"max-image-preview:large","max-video-preview":"max-video-preview:-1"},"canonical":"https:\/\/www.ixperta.com\/sk\/mendix\/","og_locale":"sk_SK","og_type":"article","og_title":"Mendix - IXPERTA","og_description":"Mendix low-code platforma pre r\u00fdchly v\u00fdvoj aplik\u00e1ci\u00ed. IXPERTA pom\u00e1ha firm\u00e1m digitalizova\u0165 procesy, integrova\u0165 syst\u00e9my a \u0161k\u00e1lova\u0165 rie\u0161enia.","og_url":"https:\/\/www.ixperta.com\/sk\/mendix\/","og_site_name":"IXPERTA","article_modified_time":"2026-02-09T11:37:33+00:00","og_image":[{"width":1200,"height":900,"url":"https:\/\/www.ixperta.com\/wp-content\/uploads\/2025\/10\/ixperta.png","type":"image\/png"}],"twitter_card":"summary_large_image","twitter_misc":{"Predpokladan\u00fd \u010das \u010d\u00edtania":"8 min\u00fat"},"schema":{"@context":"https:\/\/schema.org","@graph":[{"@type":"WebPage","@id":"https:\/\/www.ixperta.com\/sk\/mendix\/","url":"https:\/\/www.ixperta.com\/sk\/mendix\/","name":"Mendix - IXPERTA","isPartOf":{"@id":"https:\/\/www.ixperta.com\/sk\/#website"},"datePublished":"2025-12-17T15:33:17+00:00","dateModified":"2026-02-09T11:37:33+00:00","description":"Mendix low-code platforma pre r\u00fdchly v\u00fdvoj aplik\u00e1ci\u00ed. IXPERTA pom\u00e1ha firm\u00e1m digitalizova\u0165 procesy, integrova\u0165 syst\u00e9my a \u0161k\u00e1lova\u0165 rie\u0161enia.","breadcrumb":{"@id":"https:\/\/www.ixperta.com\/sk\/mendix\/#breadcrumb"},"inLanguage":"sk-SK","potentialAction":[{"@type":"ReadAction","target":["https:\/\/www.ixperta.com\/sk\/mendix\/"]}]},{"@type":"BreadcrumbList","@id":"https:\/\/www.ixperta.com\/sk\/mendix\/#breadcrumb","itemListElement":[{"@type":"ListItem","position":1,"name":"Domov","item":"https:\/\/www.ixperta.com\/sk\/"},{"@type":"ListItem","position":2,"name":"Mendix"}]},{"@type":"WebSite","@id":"https:\/\/www.ixperta.com\/sk\/#website","url":"https:\/\/www.ixperta.com\/sk\/","name":"IXPERTA","description":"","potentialAction":[{"@type":"SearchAction","target":{"@type":"EntryPoint","urlTemplate":"https:\/\/www.ixperta.com\/sk\/?s={search_term_string}"},"query-input":{"@type":"PropertyValueSpecification","valueRequired":true,"valueName":"search_term_string"}}],"inLanguage":"sk-SK"}]}},"_links":{"self":[{"href":"https:\/\/www.ixperta.com\/sk\/wp-json\/wp\/v2\/pages\/4566","targetHints":{"allow":["GET"]}}],"collection":[{"href":"https:\/\/www.ixperta.com\/sk\/wp-json\/wp\/v2\/pages"}],"about":[{"href":"https:\/\/www.ixperta.com\/sk\/wp-json\/wp\/v2\/types\/page"}],"author":[{"embeddable":true,"href":"https:\/\/www.ixperta.com\/sk\/wp-json\/wp\/v2\/users\/1"}],"replies":[{"embeddable":true,"href":"https:\/\/www.ixperta.com\/sk\/wp-json\/wp\/v2\/comments?post=4566"}],"version-history":[{"count":20,"href":"https:\/\/www.ixperta.com\/sk\/wp-json\/wp\/v2\/pages\/4566\/revisions"}],"predecessor-version":[{"id":4923,"href":"https:\/\/www.ixperta.com\/sk\/wp-json\/wp\/v2\/pages\/4566\/revisions\/4923"}],"wp:attachment":[{"href":"https:\/\/www.ixperta.com\/sk\/wp-json\/wp\/v2\/media?parent=4566"}],"curies":[{"name":"wp","href":"https:\/\/api.w.org\/{rel}","templated":true}]}}