{"id":410,"date":"2025-07-03T13:30:44","date_gmt":"2025-07-03T11:30:44","guid":{"rendered":"https:\/\/www.ixperta.com\/?page_id=410"},"modified":"2025-10-13T17:09:55","modified_gmt":"2025-10-13T15:09:55","slug":"referencie","status":"publish","type":"page","link":"https:\/\/www.ixperta.com\/sk\/referencie\/","title":{"rendered":"Referencie"},"content":{"rendered":"","protected":false},"excerpt":{"rendered":"","protected":false},"author":1,"featured_media":0,"parent":0,"menu_order":0,"comment_status":"closed","ping_status":"closed","template":"","meta":{"_acf_changed":false,"footnotes":""},"class_list":["post-410","page","type-page","status-publish","hentry"],"acf":[],"yoast_head":"<!-- This site is optimized with the Yoast SEO plugin v27.4 - https:\/\/yoast.com\/product\/yoast-seo-wordpress\/ -->\n<title>Na\u0161i klienti a referencie | IXPERTA<\/title>\n<meta name=\"description\" content=\"Zistite, ako sme pomohli firm\u00e1m napredova\u0165 v\u010faka modern\u00fdm IT rie\u0161eniam po celom svete. V IXPERTA rozumieme technol\u00f3gi\u00e1m aj biznisu. Pozrite si na\u0161e referencie.\" \/>\n<meta name=\"robots\" content=\"index, follow, max-snippet:-1, max-image-preview:large, max-video-preview:-1\" \/>\n<link rel=\"canonical\" href=\"https:\/\/www.ixperta.com\/sk\/referencie\/\" \/>\n<meta property=\"og:locale\" content=\"sk_SK\" \/>\n<meta property=\"og:type\" content=\"article\" \/>\n<meta property=\"og:title\" content=\"Na\u0161i klienti a referencie | IXPERTA\" \/>\n<meta property=\"og:description\" content=\"Zistite, ako sme pomohli firm\u00e1m napredova\u0165 v\u010faka modern\u00fdm IT rie\u0161eniam po celom svete. V IXPERTA rozumieme technol\u00f3gi\u00e1m aj biznisu. Pozrite si na\u0161e referencie.\" \/>\n<meta property=\"og:url\" content=\"https:\/\/www.ixperta.com\/sk\/referencie\/\" \/>\n<meta property=\"og:site_name\" content=\"IXPERTA\" \/>\n<meta property=\"article:modified_time\" content=\"2025-10-13T15:09:55+00:00\" \/>\n<meta property=\"og:image\" content=\"https:\/\/www.ixperta.com\/wp-content\/uploads\/2025\/10\/ixperta.png\" \/>\n\t<meta property=\"og:image:width\" content=\"1200\" \/>\n\t<meta property=\"og:image:height\" content=\"900\" \/>\n\t<meta property=\"og:image:type\" content=\"image\/png\" \/>\n<meta name=\"twitter:card\" content=\"summary_large_image\" \/>\n<script type=\"application\/ld+json\" class=\"yoast-schema-graph\">{\"@context\":\"https:\\\/\\\/schema.org\",\"@graph\":[{\"@type\":\"WebPage\",\"@id\":\"https:\\\/\\\/www.ixperta.com\\\/sk\\\/referencie\\\/\",\"url\":\"https:\\\/\\\/www.ixperta.com\\\/sk\\\/referencie\\\/\",\"name\":\"Na\u0161i klienti a referencie | IXPERTA\",\"isPartOf\":{\"@id\":\"https:\\\/\\\/www.ixperta.com\\\/sk\\\/#website\"},\"datePublished\":\"2025-07-03T11:30:44+00:00\",\"dateModified\":\"2025-10-13T15:09:55+00:00\",\"description\":\"Zistite, ako sme pomohli firm\u00e1m napredova\u0165 v\u010faka modern\u00fdm IT rie\u0161eniam po celom svete. V IXPERTA rozumieme technol\u00f3gi\u00e1m aj biznisu. Pozrite si na\u0161e referencie.\",\"breadcrumb\":{\"@id\":\"https:\\\/\\\/www.ixperta.com\\\/sk\\\/referencie\\\/#breadcrumb\"},\"inLanguage\":\"sk-SK\",\"potentialAction\":[{\"@type\":\"ReadAction\",\"target\":[\"https:\\\/\\\/www.ixperta.com\\\/sk\\\/referencie\\\/\"]}]},{\"@type\":\"BreadcrumbList\",\"@id\":\"https:\\\/\\\/www.ixperta.com\\\/sk\\\/referencie\\\/#breadcrumb\",\"itemListElement\":[{\"@type\":\"ListItem\",\"position\":1,\"name\":\"Domov\",\"item\":\"https:\\\/\\\/www.ixperta.com\\\/sk\\\/\"},{\"@type\":\"ListItem\",\"position\":2,\"name\":\"Referencie\"}]},{\"@type\":\"WebSite\",\"@id\":\"https:\\\/\\\/www.ixperta.com\\\/sk\\\/#website\",\"url\":\"https:\\\/\\\/www.ixperta.com\\\/sk\\\/\",\"name\":\"IXPERTA\",\"description\":\"\",\"potentialAction\":[{\"@type\":\"SearchAction\",\"target\":{\"@type\":\"EntryPoint\",\"urlTemplate\":\"https:\\\/\\\/www.ixperta.com\\\/sk\\\/?s={search_term_string}\"},\"query-input\":{\"@type\":\"PropertyValueSpecification\",\"valueRequired\":true,\"valueName\":\"search_term_string\"}}],\"inLanguage\":\"sk-SK\"}]}<\/script>\n<!-- \/ Yoast SEO plugin. -->","yoast_head_json":{"title":"Na\u0161i klienti a referencie | IXPERTA","description":"Zistite, ako sme pomohli firm\u00e1m napredova\u0165 v\u010faka modern\u00fdm IT rie\u0161eniam po celom svete. V IXPERTA rozumieme technol\u00f3gi\u00e1m aj biznisu. Pozrite si na\u0161e referencie.","robots":{"index":"index","follow":"follow","max-snippet":"max-snippet:-1","max-image-preview":"max-image-preview:large","max-video-preview":"max-video-preview:-1"},"canonical":"https:\/\/www.ixperta.com\/sk\/referencie\/","og_locale":"sk_SK","og_type":"article","og_title":"Na\u0161i klienti a referencie | IXPERTA","og_description":"Zistite, ako sme pomohli firm\u00e1m napredova\u0165 v\u010faka modern\u00fdm IT rie\u0161eniam po celom svete. V IXPERTA rozumieme technol\u00f3gi\u00e1m aj biznisu. Pozrite si na\u0161e referencie.","og_url":"https:\/\/www.ixperta.com\/sk\/referencie\/","og_site_name":"IXPERTA","article_modified_time":"2025-10-13T15:09:55+00:00","og_image":[{"width":1200,"height":900,"url":"https:\/\/www.ixperta.com\/wp-content\/uploads\/2025\/10\/ixperta.png","type":"image\/png"}],"twitter_card":"summary_large_image","schema":{"@context":"https:\/\/schema.org","@graph":[{"@type":"WebPage","@id":"https:\/\/www.ixperta.com\/sk\/referencie\/","url":"https:\/\/www.ixperta.com\/sk\/referencie\/","name":"Na\u0161i klienti a referencie | IXPERTA","isPartOf":{"@id":"https:\/\/www.ixperta.com\/sk\/#website"},"datePublished":"2025-07-03T11:30:44+00:00","dateModified":"2025-10-13T15:09:55+00:00","description":"Zistite, ako sme pomohli firm\u00e1m napredova\u0165 v\u010faka modern\u00fdm IT rie\u0161eniam po celom svete. V IXPERTA rozumieme technol\u00f3gi\u00e1m aj biznisu. Pozrite si na\u0161e referencie.","breadcrumb":{"@id":"https:\/\/www.ixperta.com\/sk\/referencie\/#breadcrumb"},"inLanguage":"sk-SK","potentialAction":[{"@type":"ReadAction","target":["https:\/\/www.ixperta.com\/sk\/referencie\/"]}]},{"@type":"BreadcrumbList","@id":"https:\/\/www.ixperta.com\/sk\/referencie\/#breadcrumb","itemListElement":[{"@type":"ListItem","position":1,"name":"Domov","item":"https:\/\/www.ixperta.com\/sk\/"},{"@type":"ListItem","position":2,"name":"Referencie"}]},{"@type":"WebSite","@id":"https:\/\/www.ixperta.com\/sk\/#website","url":"https:\/\/www.ixperta.com\/sk\/","name":"IXPERTA","description":"","potentialAction":[{"@type":"SearchAction","target":{"@type":"EntryPoint","urlTemplate":"https:\/\/www.ixperta.com\/sk\/?s={search_term_string}"},"query-input":{"@type":"PropertyValueSpecification","valueRequired":true,"valueName":"search_term_string"}}],"inLanguage":"sk-SK"}]}},"_links":{"self":[{"href":"https:\/\/www.ixperta.com\/sk\/wp-json\/wp\/v2\/pages\/410","targetHints":{"allow":["GET"]}}],"collection":[{"href":"https:\/\/www.ixperta.com\/sk\/wp-json\/wp\/v2\/pages"}],"about":[{"href":"https:\/\/www.ixperta.com\/sk\/wp-json\/wp\/v2\/types\/page"}],"author":[{"embeddable":true,"href":"https:\/\/www.ixperta.com\/sk\/wp-json\/wp\/v2\/users\/1"}],"replies":[{"embeddable":true,"href":"https:\/\/www.ixperta.com\/sk\/wp-json\/wp\/v2\/comments?post=410"}],"version-history":[{"count":4,"href":"https:\/\/www.ixperta.com\/sk\/wp-json\/wp\/v2\/pages\/410\/revisions"}],"predecessor-version":[{"id":418,"href":"https:\/\/www.ixperta.com\/sk\/wp-json\/wp\/v2\/pages\/410\/revisions\/418"}],"wp:attachment":[{"href":"https:\/\/www.ixperta.com\/sk\/wp-json\/wp\/v2\/media?parent=410"}],"curies":[{"name":"wp","href":"https:\/\/api.w.org\/{rel}","templated":true}]}}