{"id":41,"date":"2025-07-01T08:43:07","date_gmt":"2025-07-01T06:43:07","guid":{"rendered":"https:\/\/www.ixperta.com\/?page_id=41"},"modified":"2025-10-13T17:07:09","modified_gmt":"2025-10-13T15:07:09","slug":"digitalne-riesenia","status":"publish","type":"page","link":"https:\/\/www.ixperta.com\/sk\/technologie\/digitalne-riesenia\/","title":{"rendered":"Digit\u00e1lne aplik\u00e1cie"},"content":{"rendered":"","protected":false},"excerpt":{"rendered":"<p><strong>Digit\u00e1lne slu\u017eby, ktor\u00e9 zefekt\u00edvnia va\u0161e IT procesy<\/strong><\/p>\n<p>Digitalizujte riadenie IT slu\u017eieb, automatizujte spr\u00e1vu IT majetku a z\u00edskajte \u00fapln\u00fd preh\u013ead o va\u0161ej infra\u0161trukt\u00fare. Na\u0161e digit\u00e1lne slu\u017eby v\u00e1m pom\u00f4\u017eu riadi\u0165 incidenty, optimalizova\u0165 n\u00e1klady a zlep\u0161i\u0165 dostupnos\u0165 slu\u017eieb \u2013 v s\u00falade s najvy\u0161\u0161\u00edmi \u0161tandardmi ako ITIL, ISO 27001 a NIS2.<\/p>\n","protected":false},"author":1,"featured_media":0,"parent":15,"menu_order":0,"comment_status":"closed","ping_status":"closed","template":"","meta":{"_acf_changed":false,"footnotes":""},"class_list":["post-41","page","type-page","status-publish","hentry"],"acf":[],"yoast_head":"<!-- This site is optimized with the Yoast SEO plugin v27.4 - https:\/\/yoast.com\/product\/yoast-seo-wordpress\/ -->\n<title>Digit\u00e1lne aplik\u00e1cie | Optimaliz\u00e1cia spr\u00e1vy IT slu\u017eieb<\/title>\n<meta name=\"description\" content=\"Digit\u00e1lne slu\u017eby, ktor\u00e9 zefekt\u00edvnia va\u0161e procesy a podporia rast firmy. V IXPERTA v\u00e1m pom\u00e1hame riadi\u0165 incidenty, zni\u017eova\u0165 n\u00e1klady a zvy\u0161ova\u0165 efektivitu.\" \/>\n<meta name=\"robots\" content=\"index, follow, max-snippet:-1, max-image-preview:large, max-video-preview:-1\" \/>\n<link rel=\"canonical\" href=\"https:\/\/www.ixperta.com\/sk\/technologie\/digitalne-riesenia\/\" \/>\n<meta property=\"og:locale\" content=\"sk_SK\" \/>\n<meta property=\"og:type\" content=\"article\" \/>\n<meta property=\"og:title\" content=\"Digit\u00e1lne aplik\u00e1cie | Optimaliz\u00e1cia spr\u00e1vy IT slu\u017eieb\" \/>\n<meta property=\"og:description\" content=\"Digit\u00e1lne slu\u017eby, ktor\u00e9 zefekt\u00edvnia va\u0161e procesy a podporia rast firmy. V IXPERTA v\u00e1m pom\u00e1hame riadi\u0165 incidenty, zni\u017eova\u0165 n\u00e1klady a zvy\u0161ova\u0165 efektivitu.\" \/>\n<meta property=\"og:url\" content=\"https:\/\/www.ixperta.com\/sk\/technologie\/digitalne-riesenia\/\" \/>\n<meta property=\"og:site_name\" content=\"IXPERTA\" \/>\n<meta property=\"article:modified_time\" content=\"2025-10-13T15:07:09+00:00\" \/>\n<meta property=\"og:image\" content=\"https:\/\/www.ixperta.com\/wp-content\/uploads\/2025\/10\/ixperta.png\" \/>\n\t<meta property=\"og:image:width\" content=\"1200\" \/>\n\t<meta property=\"og:image:height\" content=\"900\" \/>\n\t<meta property=\"og:image:type\" content=\"image\/png\" \/>\n<meta name=\"twitter:card\" content=\"summary_large_image\" \/>\n<meta name=\"twitter:label1\" content=\"Predpokladan\u00fd \u010das \u010d\u00edtania\" \/>\n\t<meta name=\"twitter:data1\" content=\"4 min\u00faty\" \/>\n<script type=\"application\/ld+json\" class=\"yoast-schema-graph\">{\"@context\":\"https:\\\/\\\/schema.org\",\"@graph\":[{\"@type\":\"WebPage\",\"@id\":\"https:\\\/\\\/www.ixperta.com\\\/sk\\\/technologie\\\/digitalne-riesenia\\\/\",\"url\":\"https:\\\/\\\/www.ixperta.com\\\/sk\\\/technologie\\\/digitalne-riesenia\\\/\",\"name\":\"Digit\u00e1lne aplik\u00e1cie | Optimaliz\u00e1cia spr\u00e1vy IT slu\u017eieb\",\"isPartOf\":{\"@id\":\"https:\\\/\\\/www.ixperta.com\\\/sk\\\/#website\"},\"datePublished\":\"2025-07-01T06:43:07+00:00\",\"dateModified\":\"2025-10-13T15:07:09+00:00\",\"description\":\"Digit\u00e1lne slu\u017eby, ktor\u00e9 zefekt\u00edvnia va\u0161e procesy a podporia rast firmy. V IXPERTA v\u00e1m pom\u00e1hame riadi\u0165 incidenty, zni\u017eova\u0165 n\u00e1klady a zvy\u0161ova\u0165 efektivitu.\",\"breadcrumb\":{\"@id\":\"https:\\\/\\\/www.ixperta.com\\\/sk\\\/technologie\\\/digitalne-riesenia\\\/#breadcrumb\"},\"inLanguage\":\"sk-SK\",\"potentialAction\":[{\"@type\":\"ReadAction\",\"target\":[\"https:\\\/\\\/www.ixperta.com\\\/sk\\\/technologie\\\/digitalne-riesenia\\\/\"]}]},{\"@type\":\"BreadcrumbList\",\"@id\":\"https:\\\/\\\/www.ixperta.com\\\/sk\\\/technologie\\\/digitalne-riesenia\\\/#breadcrumb\",\"itemListElement\":[{\"@type\":\"ListItem\",\"position\":1,\"name\":\"Domov\",\"item\":\"https:\\\/\\\/www.ixperta.com\\\/sk\\\/\"},{\"@type\":\"ListItem\",\"position\":2,\"name\":\"Technol\u00f3gie\",\"item\":\"https:\\\/\\\/www.ixperta.com\\\/sk\\\/technologie\\\/\"},{\"@type\":\"ListItem\",\"position\":3,\"name\":\"Digit\u00e1lne aplik\u00e1cie\"}]},{\"@type\":\"WebSite\",\"@id\":\"https:\\\/\\\/www.ixperta.com\\\/sk\\\/#website\",\"url\":\"https:\\\/\\\/www.ixperta.com\\\/sk\\\/\",\"name\":\"IXPERTA\",\"description\":\"\",\"potentialAction\":[{\"@type\":\"SearchAction\",\"target\":{\"@type\":\"EntryPoint\",\"urlTemplate\":\"https:\\\/\\\/www.ixperta.com\\\/sk\\\/?s={search_term_string}\"},\"query-input\":{\"@type\":\"PropertyValueSpecification\",\"valueRequired\":true,\"valueName\":\"search_term_string\"}}],\"inLanguage\":\"sk-SK\"}]}<\/script>\n<!-- \/ Yoast SEO plugin. -->","yoast_head_json":{"title":"Digit\u00e1lne aplik\u00e1cie | Optimaliz\u00e1cia spr\u00e1vy IT slu\u017eieb","description":"Digit\u00e1lne slu\u017eby, ktor\u00e9 zefekt\u00edvnia va\u0161e procesy a podporia rast firmy. V IXPERTA v\u00e1m pom\u00e1hame riadi\u0165 incidenty, zni\u017eova\u0165 n\u00e1klady a zvy\u0161ova\u0165 efektivitu.","robots":{"index":"index","follow":"follow","max-snippet":"max-snippet:-1","max-image-preview":"max-image-preview:large","max-video-preview":"max-video-preview:-1"},"canonical":"https:\/\/www.ixperta.com\/sk\/technologie\/digitalne-riesenia\/","og_locale":"sk_SK","og_type":"article","og_title":"Digit\u00e1lne aplik\u00e1cie | Optimaliz\u00e1cia spr\u00e1vy IT slu\u017eieb","og_description":"Digit\u00e1lne slu\u017eby, ktor\u00e9 zefekt\u00edvnia va\u0161e procesy a podporia rast firmy. V IXPERTA v\u00e1m pom\u00e1hame riadi\u0165 incidenty, zni\u017eova\u0165 n\u00e1klady a zvy\u0161ova\u0165 efektivitu.","og_url":"https:\/\/www.ixperta.com\/sk\/technologie\/digitalne-riesenia\/","og_site_name":"IXPERTA","article_modified_time":"2025-10-13T15:07:09+00:00","og_image":[{"width":1200,"height":900,"url":"https:\/\/www.ixperta.com\/wp-content\/uploads\/2025\/10\/ixperta.png","type":"image\/png"}],"twitter_card":"summary_large_image","twitter_misc":{"Predpokladan\u00fd \u010das \u010d\u00edtania":"4 min\u00faty"},"schema":{"@context":"https:\/\/schema.org","@graph":[{"@type":"WebPage","@id":"https:\/\/www.ixperta.com\/sk\/technologie\/digitalne-riesenia\/","url":"https:\/\/www.ixperta.com\/sk\/technologie\/digitalne-riesenia\/","name":"Digit\u00e1lne aplik\u00e1cie | Optimaliz\u00e1cia spr\u00e1vy IT slu\u017eieb","isPartOf":{"@id":"https:\/\/www.ixperta.com\/sk\/#website"},"datePublished":"2025-07-01T06:43:07+00:00","dateModified":"2025-10-13T15:07:09+00:00","description":"Digit\u00e1lne slu\u017eby, ktor\u00e9 zefekt\u00edvnia va\u0161e procesy a podporia rast firmy. V IXPERTA v\u00e1m pom\u00e1hame riadi\u0165 incidenty, zni\u017eova\u0165 n\u00e1klady a zvy\u0161ova\u0165 efektivitu.","breadcrumb":{"@id":"https:\/\/www.ixperta.com\/sk\/technologie\/digitalne-riesenia\/#breadcrumb"},"inLanguage":"sk-SK","potentialAction":[{"@type":"ReadAction","target":["https:\/\/www.ixperta.com\/sk\/technologie\/digitalne-riesenia\/"]}]},{"@type":"BreadcrumbList","@id":"https:\/\/www.ixperta.com\/sk\/technologie\/digitalne-riesenia\/#breadcrumb","itemListElement":[{"@type":"ListItem","position":1,"name":"Domov","item":"https:\/\/www.ixperta.com\/sk\/"},{"@type":"ListItem","position":2,"name":"Technol\u00f3gie","item":"https:\/\/www.ixperta.com\/sk\/technologie\/"},{"@type":"ListItem","position":3,"name":"Digit\u00e1lne aplik\u00e1cie"}]},{"@type":"WebSite","@id":"https:\/\/www.ixperta.com\/sk\/#website","url":"https:\/\/www.ixperta.com\/sk\/","name":"IXPERTA","description":"","potentialAction":[{"@type":"SearchAction","target":{"@type":"EntryPoint","urlTemplate":"https:\/\/www.ixperta.com\/sk\/?s={search_term_string}"},"query-input":{"@type":"PropertyValueSpecification","valueRequired":true,"valueName":"search_term_string"}}],"inLanguage":"sk-SK"}]}},"_links":{"self":[{"href":"https:\/\/www.ixperta.com\/sk\/wp-json\/wp\/v2\/pages\/41","targetHints":{"allow":["GET"]}}],"collection":[{"href":"https:\/\/www.ixperta.com\/sk\/wp-json\/wp\/v2\/pages"}],"about":[{"href":"https:\/\/www.ixperta.com\/sk\/wp-json\/wp\/v2\/types\/page"}],"author":[{"embeddable":true,"href":"https:\/\/www.ixperta.com\/sk\/wp-json\/wp\/v2\/users\/1"}],"replies":[{"embeddable":true,"href":"https:\/\/www.ixperta.com\/sk\/wp-json\/wp\/v2\/comments?post=41"}],"version-history":[{"count":23,"href":"https:\/\/www.ixperta.com\/sk\/wp-json\/wp\/v2\/pages\/41\/revisions"}],"predecessor-version":[{"id":2529,"href":"https:\/\/www.ixperta.com\/sk\/wp-json\/wp\/v2\/pages\/41\/revisions\/2529"}],"up":[{"embeddable":true,"href":"https:\/\/www.ixperta.com\/sk\/wp-json\/wp\/v2\/pages\/15"}],"wp:attachment":[{"href":"https:\/\/www.ixperta.com\/sk\/wp-json\/wp\/v2\/media?parent=41"}],"curies":[{"name":"wp","href":"https:\/\/api.w.org\/{rel}","templated":true}]}}