{"id":39,"date":"2025-07-01T08:42:57","date_gmt":"2025-07-01T06:42:57","guid":{"rendered":"https:\/\/www.ixperta.com\/?page_id=39"},"modified":"2025-10-13T17:06:35","modified_gmt":"2025-10-13T15:06:35","slug":"vyvoj-softver-a-low-code-platformy","status":"publish","type":"page","link":"https:\/\/www.ixperta.com\/sk\/technologie\/vyvoj-softver-a-low-code-platformy\/","title":{"rendered":"V\u00fdvoj softv\u00e9ru a low-code platformy"},"content":{"rendered":"","protected":false},"excerpt":{"rendered":"<p>Navrhujeme a vyv\u00edjame softv\u00e9rov\u00e9 rie\u0161enia, ktor\u00e9 prep\u00e1jaj\u00fa modern\u00e9 technol\u00f3gie s konkr\u00e9tnymi biznis potrebami. Vyu\u017e\u00edvame low-code platformy aj vlastn\u00fd v\u00fdvoj, aby sme zabezpe\u010dili pln\u00fa funk\u010dnos\u0165, r\u00fdchle nasadenie a \u0161k\u00e1lovate\u013enos\u0165 va\u0161ich syst\u00e9mov.<\/p>\n","protected":false},"author":1,"featured_media":0,"parent":15,"menu_order":0,"comment_status":"closed","ping_status":"closed","template":"","meta":{"_acf_changed":false,"footnotes":""},"class_list":["post-39","page","type-page","status-publish","hentry"],"acf":[],"yoast_head":"<!-- This site is optimized with the Yoast SEO plugin v27.3 - https:\/\/yoast.com\/product\/yoast-seo-wordpress\/ -->\n<title>V\u00fdvoj softv\u00e9ru | \u0160k\u00e1lovate\u013en\u00e9 a modern\u00e9 rie\u0161enia pre firmy<\/title>\n<meta name=\"description\" content=\"Softv\u00e9r, ktor\u00fd zlep\u0161\u00ed procesy. V IXPERTA navrhujeme a vyv\u00edjame softv\u00e9rov\u00e9 rie\u0161enia, ktor\u00e9 prep\u00e1jaj\u00fa technol\u00f3gie s va\u0161imi biznis potrebami. Spojte sa s nami.\" \/>\n<meta name=\"robots\" content=\"index, follow, max-snippet:-1, max-image-preview:large, max-video-preview:-1\" \/>\n<link rel=\"canonical\" href=\"https:\/\/www.ixperta.com\/sk\/technologie\/vyvoj-softver-a-low-code-platformy\/\" \/>\n<meta property=\"og:locale\" content=\"sk_SK\" \/>\n<meta property=\"og:type\" content=\"article\" \/>\n<meta property=\"og:title\" content=\"V\u00fdvoj softv\u00e9ru | \u0160k\u00e1lovate\u013en\u00e9 a modern\u00e9 rie\u0161enia pre firmy\" \/>\n<meta property=\"og:description\" content=\"Softv\u00e9r, ktor\u00fd zlep\u0161\u00ed procesy. V IXPERTA navrhujeme a vyv\u00edjame softv\u00e9rov\u00e9 rie\u0161enia, ktor\u00e9 prep\u00e1jaj\u00fa technol\u00f3gie s va\u0161imi biznis potrebami. Spojte sa s nami.\" \/>\n<meta property=\"og:url\" content=\"https:\/\/www.ixperta.com\/sk\/technologie\/vyvoj-softver-a-low-code-platformy\/\" \/>\n<meta property=\"og:site_name\" content=\"IXPERTA\" \/>\n<meta property=\"article:modified_time\" content=\"2025-10-13T15:06:35+00:00\" \/>\n<meta property=\"og:image\" content=\"https:\/\/www.ixperta.com\/wp-content\/uploads\/2025\/10\/ixperta.png\" \/>\n\t<meta property=\"og:image:width\" content=\"1200\" \/>\n\t<meta property=\"og:image:height\" content=\"900\" \/>\n\t<meta property=\"og:image:type\" content=\"image\/png\" \/>\n<meta name=\"twitter:card\" content=\"summary_large_image\" \/>\n<meta name=\"twitter:label1\" content=\"Predpokladan\u00fd \u010das \u010d\u00edtania\" \/>\n\t<meta name=\"twitter:data1\" content=\"6 min\u00fat\" \/>\n<script type=\"application\/ld+json\" class=\"yoast-schema-graph\">{\"@context\":\"https:\\\/\\\/schema.org\",\"@graph\":[{\"@type\":\"WebPage\",\"@id\":\"https:\\\/\\\/www.ixperta.com\\\/sk\\\/technologie\\\/vyvoj-softver-a-low-code-platformy\\\/\",\"url\":\"https:\\\/\\\/www.ixperta.com\\\/sk\\\/technologie\\\/vyvoj-softver-a-low-code-platformy\\\/\",\"name\":\"V\u00fdvoj softv\u00e9ru | \u0160k\u00e1lovate\u013en\u00e9 a modern\u00e9 rie\u0161enia pre firmy\",\"isPartOf\":{\"@id\":\"https:\\\/\\\/www.ixperta.com\\\/sk\\\/#website\"},\"datePublished\":\"2025-07-01T06:42:57+00:00\",\"dateModified\":\"2025-10-13T15:06:35+00:00\",\"description\":\"Softv\u00e9r, ktor\u00fd zlep\u0161\u00ed procesy. V IXPERTA navrhujeme a vyv\u00edjame softv\u00e9rov\u00e9 rie\u0161enia, ktor\u00e9 prep\u00e1jaj\u00fa technol\u00f3gie s va\u0161imi biznis potrebami. Spojte sa s nami.\",\"breadcrumb\":{\"@id\":\"https:\\\/\\\/www.ixperta.com\\\/sk\\\/technologie\\\/vyvoj-softver-a-low-code-platformy\\\/#breadcrumb\"},\"inLanguage\":\"sk-SK\",\"potentialAction\":[{\"@type\":\"ReadAction\",\"target\":[\"https:\\\/\\\/www.ixperta.com\\\/sk\\\/technologie\\\/vyvoj-softver-a-low-code-platformy\\\/\"]}]},{\"@type\":\"BreadcrumbList\",\"@id\":\"https:\\\/\\\/www.ixperta.com\\\/sk\\\/technologie\\\/vyvoj-softver-a-low-code-platformy\\\/#breadcrumb\",\"itemListElement\":[{\"@type\":\"ListItem\",\"position\":1,\"name\":\"Domov\",\"item\":\"https:\\\/\\\/www.ixperta.com\\\/sk\\\/\"},{\"@type\":\"ListItem\",\"position\":2,\"name\":\"Technol\u00f3gie\",\"item\":\"https:\\\/\\\/www.ixperta.com\\\/sk\\\/technologie\\\/\"},{\"@type\":\"ListItem\",\"position\":3,\"name\":\"V\u00fdvoj softv\u00e9ru a low-code platformy\"}]},{\"@type\":\"WebSite\",\"@id\":\"https:\\\/\\\/www.ixperta.com\\\/sk\\\/#website\",\"url\":\"https:\\\/\\\/www.ixperta.com\\\/sk\\\/\",\"name\":\"IXPERTA\",\"description\":\"\",\"potentialAction\":[{\"@type\":\"SearchAction\",\"target\":{\"@type\":\"EntryPoint\",\"urlTemplate\":\"https:\\\/\\\/www.ixperta.com\\\/sk\\\/?s={search_term_string}\"},\"query-input\":{\"@type\":\"PropertyValueSpecification\",\"valueRequired\":true,\"valueName\":\"search_term_string\"}}],\"inLanguage\":\"sk-SK\"}]}<\/script>\n<!-- \/ Yoast SEO plugin. -->","yoast_head_json":{"title":"V\u00fdvoj softv\u00e9ru | \u0160k\u00e1lovate\u013en\u00e9 a modern\u00e9 rie\u0161enia pre firmy","description":"Softv\u00e9r, ktor\u00fd zlep\u0161\u00ed procesy. V IXPERTA navrhujeme a vyv\u00edjame softv\u00e9rov\u00e9 rie\u0161enia, ktor\u00e9 prep\u00e1jaj\u00fa technol\u00f3gie s va\u0161imi biznis potrebami. Spojte sa s nami.","robots":{"index":"index","follow":"follow","max-snippet":"max-snippet:-1","max-image-preview":"max-image-preview:large","max-video-preview":"max-video-preview:-1"},"canonical":"https:\/\/www.ixperta.com\/sk\/technologie\/vyvoj-softver-a-low-code-platformy\/","og_locale":"sk_SK","og_type":"article","og_title":"V\u00fdvoj softv\u00e9ru | \u0160k\u00e1lovate\u013en\u00e9 a modern\u00e9 rie\u0161enia pre firmy","og_description":"Softv\u00e9r, ktor\u00fd zlep\u0161\u00ed procesy. V IXPERTA navrhujeme a vyv\u00edjame softv\u00e9rov\u00e9 rie\u0161enia, ktor\u00e9 prep\u00e1jaj\u00fa technol\u00f3gie s va\u0161imi biznis potrebami. Spojte sa s nami.","og_url":"https:\/\/www.ixperta.com\/sk\/technologie\/vyvoj-softver-a-low-code-platformy\/","og_site_name":"IXPERTA","article_modified_time":"2025-10-13T15:06:35+00:00","og_image":[{"width":1200,"height":900,"url":"https:\/\/www.ixperta.com\/wp-content\/uploads\/2025\/10\/ixperta.png","type":"image\/png"}],"twitter_card":"summary_large_image","twitter_misc":{"Predpokladan\u00fd \u010das \u010d\u00edtania":"6 min\u00fat"},"schema":{"@context":"https:\/\/schema.org","@graph":[{"@type":"WebPage","@id":"https:\/\/www.ixperta.com\/sk\/technologie\/vyvoj-softver-a-low-code-platformy\/","url":"https:\/\/www.ixperta.com\/sk\/technologie\/vyvoj-softver-a-low-code-platformy\/","name":"V\u00fdvoj softv\u00e9ru | \u0160k\u00e1lovate\u013en\u00e9 a modern\u00e9 rie\u0161enia pre firmy","isPartOf":{"@id":"https:\/\/www.ixperta.com\/sk\/#website"},"datePublished":"2025-07-01T06:42:57+00:00","dateModified":"2025-10-13T15:06:35+00:00","description":"Softv\u00e9r, ktor\u00fd zlep\u0161\u00ed procesy. V IXPERTA navrhujeme a vyv\u00edjame softv\u00e9rov\u00e9 rie\u0161enia, ktor\u00e9 prep\u00e1jaj\u00fa technol\u00f3gie s va\u0161imi biznis potrebami. Spojte sa s nami.","breadcrumb":{"@id":"https:\/\/www.ixperta.com\/sk\/technologie\/vyvoj-softver-a-low-code-platformy\/#breadcrumb"},"inLanguage":"sk-SK","potentialAction":[{"@type":"ReadAction","target":["https:\/\/www.ixperta.com\/sk\/technologie\/vyvoj-softver-a-low-code-platformy\/"]}]},{"@type":"BreadcrumbList","@id":"https:\/\/www.ixperta.com\/sk\/technologie\/vyvoj-softver-a-low-code-platformy\/#breadcrumb","itemListElement":[{"@type":"ListItem","position":1,"name":"Domov","item":"https:\/\/www.ixperta.com\/sk\/"},{"@type":"ListItem","position":2,"name":"Technol\u00f3gie","item":"https:\/\/www.ixperta.com\/sk\/technologie\/"},{"@type":"ListItem","position":3,"name":"V\u00fdvoj softv\u00e9ru a low-code platformy"}]},{"@type":"WebSite","@id":"https:\/\/www.ixperta.com\/sk\/#website","url":"https:\/\/www.ixperta.com\/sk\/","name":"IXPERTA","description":"","potentialAction":[{"@type":"SearchAction","target":{"@type":"EntryPoint","urlTemplate":"https:\/\/www.ixperta.com\/sk\/?s={search_term_string}"},"query-input":{"@type":"PropertyValueSpecification","valueRequired":true,"valueName":"search_term_string"}}],"inLanguage":"sk-SK"}]}},"_links":{"self":[{"href":"https:\/\/www.ixperta.com\/sk\/wp-json\/wp\/v2\/pages\/39","targetHints":{"allow":["GET"]}}],"collection":[{"href":"https:\/\/www.ixperta.com\/sk\/wp-json\/wp\/v2\/pages"}],"about":[{"href":"https:\/\/www.ixperta.com\/sk\/wp-json\/wp\/v2\/types\/page"}],"author":[{"embeddable":true,"href":"https:\/\/www.ixperta.com\/sk\/wp-json\/wp\/v2\/users\/1"}],"replies":[{"embeddable":true,"href":"https:\/\/www.ixperta.com\/sk\/wp-json\/wp\/v2\/comments?post=39"}],"version-history":[{"count":20,"href":"https:\/\/www.ixperta.com\/sk\/wp-json\/wp\/v2\/pages\/39\/revisions"}],"predecessor-version":[{"id":2526,"href":"https:\/\/www.ixperta.com\/sk\/wp-json\/wp\/v2\/pages\/39\/revisions\/2526"}],"up":[{"embeddable":true,"href":"https:\/\/www.ixperta.com\/sk\/wp-json\/wp\/v2\/pages\/15"}],"wp:attachment":[{"href":"https:\/\/www.ixperta.com\/sk\/wp-json\/wp\/v2\/media?parent=39"}],"curies":[{"name":"wp","href":"https:\/\/api.w.org\/{rel}","templated":true}]}}