{"id":37,"date":"2025-07-01T08:42:45","date_gmt":"2025-07-01T06:42:45","guid":{"rendered":"https:\/\/www.ixperta.com\/?page_id=37"},"modified":"2026-03-04T08:51:41","modified_gmt":"2026-03-04T07:51:41","slug":"datova-a-komunikacna-infrastruktura","status":"publish","type":"page","link":"https:\/\/www.ixperta.com\/sk\/technologie\/datova-a-komunikacna-infrastruktura\/","title":{"rendered":"D\u00e1tov\u00e1 a komunika\u010dn\u00e1 infra\u0161trukt\u00fara"},"content":{"rendered":"","protected":false},"excerpt":{"rendered":"<p><strong>Technol\u00f3gie rast\u00fa, o\u010dak\u00e1vania tie\u017e.<\/strong><\/p>\n<p>Tvor\u00edme komplexn\u00e9 IT a komunika\u010dn\u00e9 infra\u0161trukt\u00fary, ktor\u00e9 zvl\u00e1dnu rast aj vysok\u00e9 n\u00e1roky na dostupnos\u0165 a bezpe\u010dnos\u0165. Sp\u00e1jame \u0161pi\u010dkov\u00e9 technol\u00f3gie s praktick\u00fdm know-how \u2013 pre firmy, ktor\u00e9 nechc\u00fa rie\u0161i\u0165 v\u00fdpadky, ale inov\u00e1cie.<\/p>\n","protected":false},"author":1,"featured_media":0,"parent":15,"menu_order":0,"comment_status":"closed","ping_status":"closed","template":"","meta":{"_acf_changed":false,"footnotes":""},"class_list":["post-37","page","type-page","status-publish","hentry"],"acf":[],"yoast_head":"<!-- This site is optimized with the Yoast SEO plugin v27.4 - https:\/\/yoast.com\/product\/yoast-seo-wordpress\/ -->\n<title>D\u00e1tov\u00e1 Infra\u0161trukt\u00fara | Komplexn\u00e9 komunika\u010dn\u00e9 platformy<\/title>\n<meta name=\"description\" content=\"Spo\u013eahliv\u00e1 d\u00e1tov\u00e1 a komunika\u010dn\u00e1 infra\u0161trukt\u00fara. Zameriavame sa na v\u00fdkon, flexibilitu, \u0161k\u00e1lovate\u013enos\u0165 a udr\u017eate\u013enos\u0165. V IXPERTA navrhujeme rie\u0161enia na mieru.\" \/>\n<meta name=\"robots\" content=\"index, follow, max-snippet:-1, max-image-preview:large, max-video-preview:-1\" \/>\n<link rel=\"canonical\" href=\"https:\/\/www.ixperta.com\/sk\/technologie\/datova-a-komunikacna-infrastruktura\/\" \/>\n<meta property=\"og:locale\" content=\"sk_SK\" \/>\n<meta property=\"og:type\" content=\"article\" \/>\n<meta property=\"og:title\" content=\"D\u00e1tov\u00e1 Infra\u0161trukt\u00fara | Komplexn\u00e9 komunika\u010dn\u00e9 platformy\" \/>\n<meta property=\"og:description\" content=\"Spo\u013eahliv\u00e1 d\u00e1tov\u00e1 a komunika\u010dn\u00e1 infra\u0161trukt\u00fara. Zameriavame sa na v\u00fdkon, flexibilitu, \u0161k\u00e1lovate\u013enos\u0165 a udr\u017eate\u013enos\u0165. V IXPERTA navrhujeme rie\u0161enia na mieru.\" \/>\n<meta property=\"og:url\" content=\"https:\/\/www.ixperta.com\/sk\/technologie\/datova-a-komunikacna-infrastruktura\/\" \/>\n<meta property=\"og:site_name\" content=\"IXPERTA\" \/>\n<meta property=\"article:modified_time\" content=\"2026-03-04T07:51:41+00:00\" \/>\n<meta property=\"og:image\" content=\"https:\/\/www.ixperta.com\/wp-content\/uploads\/2025\/10\/ixperta.png\" \/>\n\t<meta property=\"og:image:width\" content=\"1200\" \/>\n\t<meta property=\"og:image:height\" content=\"900\" \/>\n\t<meta property=\"og:image:type\" content=\"image\/png\" \/>\n<meta name=\"twitter:card\" content=\"summary_large_image\" \/>\n<meta name=\"twitter:label1\" content=\"Predpokladan\u00fd \u010das \u010d\u00edtania\" \/>\n\t<meta name=\"twitter:data1\" content=\"10 min\u00fat\" \/>\n<script type=\"application\/ld+json\" class=\"yoast-schema-graph\">{\"@context\":\"https:\\\/\\\/schema.org\",\"@graph\":[{\"@type\":\"WebPage\",\"@id\":\"https:\\\/\\\/www.ixperta.com\\\/sk\\\/technologie\\\/datova-a-komunikacna-infrastruktura\\\/\",\"url\":\"https:\\\/\\\/www.ixperta.com\\\/sk\\\/technologie\\\/datova-a-komunikacna-infrastruktura\\\/\",\"name\":\"D\u00e1tov\u00e1 Infra\u0161trukt\u00fara | Komplexn\u00e9 komunika\u010dn\u00e9 platformy\",\"isPartOf\":{\"@id\":\"https:\\\/\\\/www.ixperta.com\\\/sk\\\/#website\"},\"datePublished\":\"2025-07-01T06:42:45+00:00\",\"dateModified\":\"2026-03-04T07:51:41+00:00\",\"description\":\"Spo\u013eahliv\u00e1 d\u00e1tov\u00e1 a komunika\u010dn\u00e1 infra\u0161trukt\u00fara. Zameriavame sa na v\u00fdkon, flexibilitu, \u0161k\u00e1lovate\u013enos\u0165 a udr\u017eate\u013enos\u0165. V IXPERTA navrhujeme rie\u0161enia na mieru.\",\"breadcrumb\":{\"@id\":\"https:\\\/\\\/www.ixperta.com\\\/sk\\\/technologie\\\/datova-a-komunikacna-infrastruktura\\\/#breadcrumb\"},\"inLanguage\":\"sk-SK\",\"potentialAction\":[{\"@type\":\"ReadAction\",\"target\":[\"https:\\\/\\\/www.ixperta.com\\\/sk\\\/technologie\\\/datova-a-komunikacna-infrastruktura\\\/\"]}]},{\"@type\":\"BreadcrumbList\",\"@id\":\"https:\\\/\\\/www.ixperta.com\\\/sk\\\/technologie\\\/datova-a-komunikacna-infrastruktura\\\/#breadcrumb\",\"itemListElement\":[{\"@type\":\"ListItem\",\"position\":1,\"name\":\"Domov\",\"item\":\"https:\\\/\\\/www.ixperta.com\\\/sk\\\/\"},{\"@type\":\"ListItem\",\"position\":2,\"name\":\"Technol\u00f3gie\",\"item\":\"https:\\\/\\\/www.ixperta.com\\\/sk\\\/technologie\\\/\"},{\"@type\":\"ListItem\",\"position\":3,\"name\":\"D\u00e1tov\u00e1 a komunika\u010dn\u00e1 infra\u0161trukt\u00fara\"}]},{\"@type\":\"WebSite\",\"@id\":\"https:\\\/\\\/www.ixperta.com\\\/sk\\\/#website\",\"url\":\"https:\\\/\\\/www.ixperta.com\\\/sk\\\/\",\"name\":\"IXPERTA\",\"description\":\"\",\"potentialAction\":[{\"@type\":\"SearchAction\",\"target\":{\"@type\":\"EntryPoint\",\"urlTemplate\":\"https:\\\/\\\/www.ixperta.com\\\/sk\\\/?s={search_term_string}\"},\"query-input\":{\"@type\":\"PropertyValueSpecification\",\"valueRequired\":true,\"valueName\":\"search_term_string\"}}],\"inLanguage\":\"sk-SK\"}]}<\/script>\n<!-- \/ Yoast SEO plugin. -->","yoast_head_json":{"title":"D\u00e1tov\u00e1 Infra\u0161trukt\u00fara | Komplexn\u00e9 komunika\u010dn\u00e9 platformy","description":"Spo\u013eahliv\u00e1 d\u00e1tov\u00e1 a komunika\u010dn\u00e1 infra\u0161trukt\u00fara. Zameriavame sa na v\u00fdkon, flexibilitu, \u0161k\u00e1lovate\u013enos\u0165 a udr\u017eate\u013enos\u0165. V IXPERTA navrhujeme rie\u0161enia na mieru.","robots":{"index":"index","follow":"follow","max-snippet":"max-snippet:-1","max-image-preview":"max-image-preview:large","max-video-preview":"max-video-preview:-1"},"canonical":"https:\/\/www.ixperta.com\/sk\/technologie\/datova-a-komunikacna-infrastruktura\/","og_locale":"sk_SK","og_type":"article","og_title":"D\u00e1tov\u00e1 Infra\u0161trukt\u00fara | Komplexn\u00e9 komunika\u010dn\u00e9 platformy","og_description":"Spo\u013eahliv\u00e1 d\u00e1tov\u00e1 a komunika\u010dn\u00e1 infra\u0161trukt\u00fara. Zameriavame sa na v\u00fdkon, flexibilitu, \u0161k\u00e1lovate\u013enos\u0165 a udr\u017eate\u013enos\u0165. V IXPERTA navrhujeme rie\u0161enia na mieru.","og_url":"https:\/\/www.ixperta.com\/sk\/technologie\/datova-a-komunikacna-infrastruktura\/","og_site_name":"IXPERTA","article_modified_time":"2026-03-04T07:51:41+00:00","og_image":[{"width":1200,"height":900,"url":"https:\/\/www.ixperta.com\/wp-content\/uploads\/2025\/10\/ixperta.png","type":"image\/png"}],"twitter_card":"summary_large_image","twitter_misc":{"Predpokladan\u00fd \u010das \u010d\u00edtania":"10 min\u00fat"},"schema":{"@context":"https:\/\/schema.org","@graph":[{"@type":"WebPage","@id":"https:\/\/www.ixperta.com\/sk\/technologie\/datova-a-komunikacna-infrastruktura\/","url":"https:\/\/www.ixperta.com\/sk\/technologie\/datova-a-komunikacna-infrastruktura\/","name":"D\u00e1tov\u00e1 Infra\u0161trukt\u00fara | Komplexn\u00e9 komunika\u010dn\u00e9 platformy","isPartOf":{"@id":"https:\/\/www.ixperta.com\/sk\/#website"},"datePublished":"2025-07-01T06:42:45+00:00","dateModified":"2026-03-04T07:51:41+00:00","description":"Spo\u013eahliv\u00e1 d\u00e1tov\u00e1 a komunika\u010dn\u00e1 infra\u0161trukt\u00fara. Zameriavame sa na v\u00fdkon, flexibilitu, \u0161k\u00e1lovate\u013enos\u0165 a udr\u017eate\u013enos\u0165. V IXPERTA navrhujeme rie\u0161enia na mieru.","breadcrumb":{"@id":"https:\/\/www.ixperta.com\/sk\/technologie\/datova-a-komunikacna-infrastruktura\/#breadcrumb"},"inLanguage":"sk-SK","potentialAction":[{"@type":"ReadAction","target":["https:\/\/www.ixperta.com\/sk\/technologie\/datova-a-komunikacna-infrastruktura\/"]}]},{"@type":"BreadcrumbList","@id":"https:\/\/www.ixperta.com\/sk\/technologie\/datova-a-komunikacna-infrastruktura\/#breadcrumb","itemListElement":[{"@type":"ListItem","position":1,"name":"Domov","item":"https:\/\/www.ixperta.com\/sk\/"},{"@type":"ListItem","position":2,"name":"Technol\u00f3gie","item":"https:\/\/www.ixperta.com\/sk\/technologie\/"},{"@type":"ListItem","position":3,"name":"D\u00e1tov\u00e1 a komunika\u010dn\u00e1 infra\u0161trukt\u00fara"}]},{"@type":"WebSite","@id":"https:\/\/www.ixperta.com\/sk\/#website","url":"https:\/\/www.ixperta.com\/sk\/","name":"IXPERTA","description":"","potentialAction":[{"@type":"SearchAction","target":{"@type":"EntryPoint","urlTemplate":"https:\/\/www.ixperta.com\/sk\/?s={search_term_string}"},"query-input":{"@type":"PropertyValueSpecification","valueRequired":true,"valueName":"search_term_string"}}],"inLanguage":"sk-SK"}]}},"_links":{"self":[{"href":"https:\/\/www.ixperta.com\/sk\/wp-json\/wp\/v2\/pages\/37","targetHints":{"allow":["GET"]}}],"collection":[{"href":"https:\/\/www.ixperta.com\/sk\/wp-json\/wp\/v2\/pages"}],"about":[{"href":"https:\/\/www.ixperta.com\/sk\/wp-json\/wp\/v2\/types\/page"}],"author":[{"embeddable":true,"href":"https:\/\/www.ixperta.com\/sk\/wp-json\/wp\/v2\/users\/1"}],"replies":[{"embeddable":true,"href":"https:\/\/www.ixperta.com\/sk\/wp-json\/wp\/v2\/comments?post=37"}],"version-history":[{"count":35,"href":"https:\/\/www.ixperta.com\/sk\/wp-json\/wp\/v2\/pages\/37\/revisions"}],"predecessor-version":[{"id":5212,"href":"https:\/\/www.ixperta.com\/sk\/wp-json\/wp\/v2\/pages\/37\/revisions\/5212"}],"up":[{"embeddable":true,"href":"https:\/\/www.ixperta.com\/sk\/wp-json\/wp\/v2\/pages\/15"}],"wp:attachment":[{"href":"https:\/\/www.ixperta.com\/sk\/wp-json\/wp\/v2\/media?parent=37"}],"curies":[{"name":"wp","href":"https:\/\/api.w.org\/{rel}","templated":true}]}}