{"id":35,"date":"2025-07-01T08:42:34","date_gmt":"2025-07-01T06:42:34","guid":{"rendered":"https:\/\/www.ixperta.com\/?page_id=35"},"modified":"2026-03-03T15:31:50","modified_gmt":"2026-03-03T14:31:50","slug":"kyberneticka-bezpecnost","status":"publish","type":"page","link":"https:\/\/www.ixperta.com\/sk\/technologie\/kyberneticka-bezpecnost\/","title":{"rendered":"Kybernetick\u00e1 bezpe\u010dnos\u0165"},"content":{"rendered":"","protected":false},"excerpt":{"rendered":"<p>Kybernetick\u00e9 \u00fatoky nie s\u00fa zriedkavos\u0165ou \u2013 s\u00fa n\u00e1kladn\u00e9, \u010dasto podce\u0148ovan\u00e9 a firmy stoja mili\u00f3ny Eur. Na\u0161e rie\u0161enia pom\u00e1haj\u00fa predch\u00e1dza\u0165 kybernetick\u00fdm \u00fatokom, zabezpe\u010dia s\u00falad s legislat\u00edvou a posilnia va\u0161u IT infra\u0161trukt\u00faru vo\u010di najpokro\u010dilej\u0161\u00edm hrozb\u00e1m.<\/p>\n","protected":false},"author":1,"featured_media":0,"parent":15,"menu_order":0,"comment_status":"closed","ping_status":"closed","template":"","meta":{"_acf_changed":false,"footnotes":""},"class_list":["post-35","page","type-page","status-publish","hentry"],"acf":[],"yoast_head":"<!-- This site is optimized with the Yoast SEO plugin v27.5 - https:\/\/yoast.com\/product\/yoast-seo-wordpress\/ -->\n<title>Kybernetick\u00e1 bezpe\u010dnos\u0165 | Ochrana syst\u00e9mov a d\u00e1t<\/title>\n<meta name=\"description\" content=\"Kybernetick\u00e1 bezpe\u010dnos\u0165 pre firmy \u2013 chr\u00e1\u0148te d\u00e1ta, syst\u00e9my a firemn\u00fa infra\u0161trukt\u00faru pred hrozbami. Zistite, ako vieme v IXPERTA pom\u00f4c\u0165 va\u0161u firmu zabezpe\u010di\u0165.\" \/>\n<meta name=\"robots\" content=\"index, follow, max-snippet:-1, max-image-preview:large, max-video-preview:-1\" \/>\n<link rel=\"canonical\" href=\"https:\/\/www.ixperta.com\/sk\/technologie\/kyberneticka-bezpecnost\/\" \/>\n<meta property=\"og:locale\" content=\"sk_SK\" \/>\n<meta property=\"og:type\" content=\"article\" \/>\n<meta property=\"og:title\" content=\"Kybernetick\u00e1 bezpe\u010dnos\u0165 | Ochrana syst\u00e9mov a d\u00e1t\" \/>\n<meta property=\"og:description\" content=\"Kybernetick\u00e1 bezpe\u010dnos\u0165 pre firmy \u2013 chr\u00e1\u0148te d\u00e1ta, syst\u00e9my a firemn\u00fa infra\u0161trukt\u00faru pred hrozbami. Zistite, ako vieme v IXPERTA pom\u00f4c\u0165 va\u0161u firmu zabezpe\u010di\u0165.\" \/>\n<meta property=\"og:url\" content=\"https:\/\/www.ixperta.com\/sk\/technologie\/kyberneticka-bezpecnost\/\" \/>\n<meta property=\"og:site_name\" content=\"IXPERTA\" \/>\n<meta property=\"article:modified_time\" content=\"2026-03-03T14:31:50+00:00\" \/>\n<meta property=\"og:image\" content=\"https:\/\/www.ixperta.com\/wp-content\/uploads\/2025\/10\/ixperta.png\" \/>\n\t<meta property=\"og:image:width\" content=\"1200\" \/>\n\t<meta property=\"og:image:height\" content=\"900\" \/>\n\t<meta property=\"og:image:type\" content=\"image\/png\" \/>\n<meta name=\"twitter:card\" content=\"summary_large_image\" \/>\n<meta name=\"twitter:label1\" content=\"Predpokladan\u00fd \u010das \u010d\u00edtania\" \/>\n\t<meta name=\"twitter:data1\" content=\"7 min\u00fat\" \/>\n<script type=\"application\/ld+json\" class=\"yoast-schema-graph\">{\"@context\":\"https:\\\/\\\/schema.org\",\"@graph\":[{\"@type\":\"WebPage\",\"@id\":\"https:\\\/\\\/www.ixperta.com\\\/sk\\\/technologie\\\/kyberneticka-bezpecnost\\\/\",\"url\":\"https:\\\/\\\/www.ixperta.com\\\/sk\\\/technologie\\\/kyberneticka-bezpecnost\\\/\",\"name\":\"Kybernetick\u00e1 bezpe\u010dnos\u0165 | Ochrana syst\u00e9mov a d\u00e1t\",\"isPartOf\":{\"@id\":\"https:\\\/\\\/www.ixperta.com\\\/sk\\\/#website\"},\"datePublished\":\"2025-07-01T06:42:34+00:00\",\"dateModified\":\"2026-03-03T14:31:50+00:00\",\"description\":\"Kybernetick\u00e1 bezpe\u010dnos\u0165 pre firmy \u2013 chr\u00e1\u0148te d\u00e1ta, syst\u00e9my a firemn\u00fa infra\u0161trukt\u00faru pred hrozbami. Zistite, ako vieme v IXPERTA pom\u00f4c\u0165 va\u0161u firmu zabezpe\u010di\u0165.\",\"breadcrumb\":{\"@id\":\"https:\\\/\\\/www.ixperta.com\\\/sk\\\/technologie\\\/kyberneticka-bezpecnost\\\/#breadcrumb\"},\"inLanguage\":\"sk-SK\",\"potentialAction\":[{\"@type\":\"ReadAction\",\"target\":[\"https:\\\/\\\/www.ixperta.com\\\/sk\\\/technologie\\\/kyberneticka-bezpecnost\\\/\"]}]},{\"@type\":\"BreadcrumbList\",\"@id\":\"https:\\\/\\\/www.ixperta.com\\\/sk\\\/technologie\\\/kyberneticka-bezpecnost\\\/#breadcrumb\",\"itemListElement\":[{\"@type\":\"ListItem\",\"position\":1,\"name\":\"Domov\",\"item\":\"https:\\\/\\\/www.ixperta.com\\\/sk\\\/\"},{\"@type\":\"ListItem\",\"position\":2,\"name\":\"Technol\u00f3gie\",\"item\":\"https:\\\/\\\/www.ixperta.com\\\/sk\\\/technologie\\\/\"},{\"@type\":\"ListItem\",\"position\":3,\"name\":\"Kybernetick\u00e1 bezpe\u010dnos\u0165\"}]},{\"@type\":\"WebSite\",\"@id\":\"https:\\\/\\\/www.ixperta.com\\\/sk\\\/#website\",\"url\":\"https:\\\/\\\/www.ixperta.com\\\/sk\\\/\",\"name\":\"IXPERTA\",\"description\":\"\",\"potentialAction\":[{\"@type\":\"SearchAction\",\"target\":{\"@type\":\"EntryPoint\",\"urlTemplate\":\"https:\\\/\\\/www.ixperta.com\\\/sk\\\/?s={search_term_string}\"},\"query-input\":{\"@type\":\"PropertyValueSpecification\",\"valueRequired\":true,\"valueName\":\"search_term_string\"}}],\"inLanguage\":\"sk-SK\"}]}<\/script>\n<!-- \/ Yoast SEO plugin. -->","yoast_head_json":{"title":"Kybernetick\u00e1 bezpe\u010dnos\u0165 | Ochrana syst\u00e9mov a d\u00e1t","description":"Kybernetick\u00e1 bezpe\u010dnos\u0165 pre firmy \u2013 chr\u00e1\u0148te d\u00e1ta, syst\u00e9my a firemn\u00fa infra\u0161trukt\u00faru pred hrozbami. Zistite, ako vieme v IXPERTA pom\u00f4c\u0165 va\u0161u firmu zabezpe\u010di\u0165.","robots":{"index":"index","follow":"follow","max-snippet":"max-snippet:-1","max-image-preview":"max-image-preview:large","max-video-preview":"max-video-preview:-1"},"canonical":"https:\/\/www.ixperta.com\/sk\/technologie\/kyberneticka-bezpecnost\/","og_locale":"sk_SK","og_type":"article","og_title":"Kybernetick\u00e1 bezpe\u010dnos\u0165 | Ochrana syst\u00e9mov a d\u00e1t","og_description":"Kybernetick\u00e1 bezpe\u010dnos\u0165 pre firmy \u2013 chr\u00e1\u0148te d\u00e1ta, syst\u00e9my a firemn\u00fa infra\u0161trukt\u00faru pred hrozbami. Zistite, ako vieme v IXPERTA pom\u00f4c\u0165 va\u0161u firmu zabezpe\u010di\u0165.","og_url":"https:\/\/www.ixperta.com\/sk\/technologie\/kyberneticka-bezpecnost\/","og_site_name":"IXPERTA","article_modified_time":"2026-03-03T14:31:50+00:00","og_image":[{"width":1200,"height":900,"url":"https:\/\/www.ixperta.com\/wp-content\/uploads\/2025\/10\/ixperta.png","type":"image\/png"}],"twitter_card":"summary_large_image","twitter_misc":{"Predpokladan\u00fd \u010das \u010d\u00edtania":"7 min\u00fat"},"schema":{"@context":"https:\/\/schema.org","@graph":[{"@type":"WebPage","@id":"https:\/\/www.ixperta.com\/sk\/technologie\/kyberneticka-bezpecnost\/","url":"https:\/\/www.ixperta.com\/sk\/technologie\/kyberneticka-bezpecnost\/","name":"Kybernetick\u00e1 bezpe\u010dnos\u0165 | Ochrana syst\u00e9mov a d\u00e1t","isPartOf":{"@id":"https:\/\/www.ixperta.com\/sk\/#website"},"datePublished":"2025-07-01T06:42:34+00:00","dateModified":"2026-03-03T14:31:50+00:00","description":"Kybernetick\u00e1 bezpe\u010dnos\u0165 pre firmy \u2013 chr\u00e1\u0148te d\u00e1ta, syst\u00e9my a firemn\u00fa infra\u0161trukt\u00faru pred hrozbami. Zistite, ako vieme v IXPERTA pom\u00f4c\u0165 va\u0161u firmu zabezpe\u010di\u0165.","breadcrumb":{"@id":"https:\/\/www.ixperta.com\/sk\/technologie\/kyberneticka-bezpecnost\/#breadcrumb"},"inLanguage":"sk-SK","potentialAction":[{"@type":"ReadAction","target":["https:\/\/www.ixperta.com\/sk\/technologie\/kyberneticka-bezpecnost\/"]}]},{"@type":"BreadcrumbList","@id":"https:\/\/www.ixperta.com\/sk\/technologie\/kyberneticka-bezpecnost\/#breadcrumb","itemListElement":[{"@type":"ListItem","position":1,"name":"Domov","item":"https:\/\/www.ixperta.com\/sk\/"},{"@type":"ListItem","position":2,"name":"Technol\u00f3gie","item":"https:\/\/www.ixperta.com\/sk\/technologie\/"},{"@type":"ListItem","position":3,"name":"Kybernetick\u00e1 bezpe\u010dnos\u0165"}]},{"@type":"WebSite","@id":"https:\/\/www.ixperta.com\/sk\/#website","url":"https:\/\/www.ixperta.com\/sk\/","name":"IXPERTA","description":"","potentialAction":[{"@type":"SearchAction","target":{"@type":"EntryPoint","urlTemplate":"https:\/\/www.ixperta.com\/sk\/?s={search_term_string}"},"query-input":{"@type":"PropertyValueSpecification","valueRequired":true,"valueName":"search_term_string"}}],"inLanguage":"sk-SK"}]}},"_links":{"self":[{"href":"https:\/\/www.ixperta.com\/sk\/wp-json\/wp\/v2\/pages\/35","targetHints":{"allow":["GET"]}}],"collection":[{"href":"https:\/\/www.ixperta.com\/sk\/wp-json\/wp\/v2\/pages"}],"about":[{"href":"https:\/\/www.ixperta.com\/sk\/wp-json\/wp\/v2\/types\/page"}],"author":[{"embeddable":true,"href":"https:\/\/www.ixperta.com\/sk\/wp-json\/wp\/v2\/users\/1"}],"replies":[{"embeddable":true,"href":"https:\/\/www.ixperta.com\/sk\/wp-json\/wp\/v2\/comments?post=35"}],"version-history":[{"count":35,"href":"https:\/\/www.ixperta.com\/sk\/wp-json\/wp\/v2\/pages\/35\/revisions"}],"predecessor-version":[{"id":5198,"href":"https:\/\/www.ixperta.com\/sk\/wp-json\/wp\/v2\/pages\/35\/revisions\/5198"}],"up":[{"embeddable":true,"href":"https:\/\/www.ixperta.com\/sk\/wp-json\/wp\/v2\/pages\/15"}],"wp:attachment":[{"href":"https:\/\/www.ixperta.com\/sk\/wp-json\/wp\/v2\/media?parent=35"}],"curies":[{"name":"wp","href":"https:\/\/api.w.org\/{rel}","templated":true}]}}