{"id":33,"date":"2025-07-01T08:42:18","date_gmt":"2025-07-01T06:42:18","guid":{"rendered":"https:\/\/www.ixperta.com\/?page_id=33"},"modified":"2025-12-01T16:38:43","modified_gmt":"2025-12-01T15:38:43","slug":"bezpecnost-firemnych-dat","status":"publish","type":"page","link":"https:\/\/www.ixperta.com\/sk\/digitalizacia\/bezpecnost-firemnych-dat\/","title":{"rendered":"Bezpe\u010dnos\u0165 firemn\u00fdch d\u00e1t"},"content":{"rendered":"","protected":false},"excerpt":{"rendered":"<p><strong>Va\u0161e d\u00e1ta s\u00fa k\u013e\u00fa\u010dov\u00fdm akt\u00edvom. My zabezpe\u010d\u00edme, aby nimi aj zostali.<\/strong><\/p>\n<p>Pom\u00e1hame firm\u00e1m chr\u00e1ni\u0165 to najcennej\u0161ie \u2013 ich d\u00e1ta, d\u00f4veru klientov a plynulos\u0165 biznisu. Na\u0161e rie\u0161enia zni\u017euj\u00fa riziko kybernetick\u00fdch hrozieb, predch\u00e1dzaj\u00fa \u00fanikom citliv\u00fdch inform\u00e1ci\u00ed a posil\u0148uj\u00fa digit\u00e1lnu odolnos\u0165 va\u0161ej organiz\u00e1cie.<\/p>\n","protected":false},"author":1,"featured_media":0,"parent":13,"menu_order":0,"comment_status":"closed","ping_status":"closed","template":"","meta":{"_acf_changed":false,"footnotes":""},"class_list":["post-33","page","type-page","status-publish","hentry"],"acf":[],"yoast_head":"<!-- This site is optimized with the Yoast SEO plugin v27.4 - https:\/\/yoast.com\/product\/yoast-seo-wordpress\/ -->\n<title>Bezep\u010dnos\u0165 firemn\u00fdch d\u00e1t | Spo\u013eahliv\u00e1 IT ochrana<\/title>\n<meta name=\"description\" content=\"Chr\u00e1\u0148te svoje firemn\u00e9 d\u00e1ta pred kybernetick\u00fdmi hrozbami, \u00fanikom a stratou. Pon\u00fakame IT rie\u0161enia pre kyberbezpe\u010dnos\u0165 a bezpe\u010dn\u00fa spr\u00e1vu citliv\u00fdch inform\u00e1ci\u00ed.\" \/>\n<meta name=\"robots\" content=\"index, follow, max-snippet:-1, max-image-preview:large, max-video-preview:-1\" \/>\n<link rel=\"canonical\" href=\"https:\/\/www.ixperta.com\/sk\/digitalizacia\/bezpecnost-firemnych-dat\/\" \/>\n<meta property=\"og:locale\" content=\"sk_SK\" \/>\n<meta property=\"og:type\" content=\"article\" \/>\n<meta property=\"og:title\" content=\"Bezep\u010dnos\u0165 firemn\u00fdch d\u00e1t | Spo\u013eahliv\u00e1 IT ochrana\" \/>\n<meta property=\"og:description\" content=\"Chr\u00e1\u0148te svoje firemn\u00e9 d\u00e1ta pred kybernetick\u00fdmi hrozbami, \u00fanikom a stratou. Pon\u00fakame IT rie\u0161enia pre kyberbezpe\u010dnos\u0165 a bezpe\u010dn\u00fa spr\u00e1vu citliv\u00fdch inform\u00e1ci\u00ed.\" \/>\n<meta property=\"og:url\" content=\"https:\/\/www.ixperta.com\/sk\/digitalizacia\/bezpecnost-firemnych-dat\/\" \/>\n<meta property=\"og:site_name\" content=\"IXPERTA\" \/>\n<meta property=\"article:modified_time\" content=\"2025-12-01T15:38:43+00:00\" \/>\n<meta property=\"og:image\" content=\"https:\/\/www.ixperta.com\/wp-content\/uploads\/2025\/10\/ixperta.png\" \/>\n\t<meta property=\"og:image:width\" content=\"1200\" \/>\n\t<meta property=\"og:image:height\" content=\"900\" \/>\n\t<meta property=\"og:image:type\" content=\"image\/png\" \/>\n<meta name=\"twitter:card\" content=\"summary_large_image\" \/>\n<meta name=\"twitter:label1\" content=\"Predpokladan\u00fd \u010das \u010d\u00edtania\" \/>\n\t<meta name=\"twitter:data1\" content=\"6 min\u00fat\" \/>\n<script type=\"application\/ld+json\" class=\"yoast-schema-graph\">{\"@context\":\"https:\\\/\\\/schema.org\",\"@graph\":[{\"@type\":\"WebPage\",\"@id\":\"https:\\\/\\\/www.ixperta.com\\\/sk\\\/digitalizacia\\\/bezpecnost-firemnych-dat\\\/\",\"url\":\"https:\\\/\\\/www.ixperta.com\\\/sk\\\/digitalizacia\\\/bezpecnost-firemnych-dat\\\/\",\"name\":\"Bezep\u010dnos\u0165 firemn\u00fdch d\u00e1t | Spo\u013eahliv\u00e1 IT ochrana\",\"isPartOf\":{\"@id\":\"https:\\\/\\\/www.ixperta.com\\\/sk\\\/#website\"},\"datePublished\":\"2025-07-01T06:42:18+00:00\",\"dateModified\":\"2025-12-01T15:38:43+00:00\",\"description\":\"Chr\u00e1\u0148te svoje firemn\u00e9 d\u00e1ta pred kybernetick\u00fdmi hrozbami, \u00fanikom a stratou. Pon\u00fakame IT rie\u0161enia pre kyberbezpe\u010dnos\u0165 a bezpe\u010dn\u00fa spr\u00e1vu citliv\u00fdch inform\u00e1ci\u00ed.\",\"breadcrumb\":{\"@id\":\"https:\\\/\\\/www.ixperta.com\\\/sk\\\/digitalizacia\\\/bezpecnost-firemnych-dat\\\/#breadcrumb\"},\"inLanguage\":\"sk-SK\",\"potentialAction\":[{\"@type\":\"ReadAction\",\"target\":[\"https:\\\/\\\/www.ixperta.com\\\/sk\\\/digitalizacia\\\/bezpecnost-firemnych-dat\\\/\"]}]},{\"@type\":\"BreadcrumbList\",\"@id\":\"https:\\\/\\\/www.ixperta.com\\\/sk\\\/digitalizacia\\\/bezpecnost-firemnych-dat\\\/#breadcrumb\",\"itemListElement\":[{\"@type\":\"ListItem\",\"position\":1,\"name\":\"Domov\",\"item\":\"https:\\\/\\\/www.ixperta.com\\\/sk\\\/\"},{\"@type\":\"ListItem\",\"position\":2,\"name\":\"Digitaliz\u00e1cia\",\"item\":\"https:\\\/\\\/www.ixperta.com\\\/sk\\\/digitalizacia\\\/\"},{\"@type\":\"ListItem\",\"position\":3,\"name\":\"Bezpe\u010dnos\u0165 firemn\u00fdch d\u00e1t\"}]},{\"@type\":\"WebSite\",\"@id\":\"https:\\\/\\\/www.ixperta.com\\\/sk\\\/#website\",\"url\":\"https:\\\/\\\/www.ixperta.com\\\/sk\\\/\",\"name\":\"IXPERTA\",\"description\":\"\",\"potentialAction\":[{\"@type\":\"SearchAction\",\"target\":{\"@type\":\"EntryPoint\",\"urlTemplate\":\"https:\\\/\\\/www.ixperta.com\\\/sk\\\/?s={search_term_string}\"},\"query-input\":{\"@type\":\"PropertyValueSpecification\",\"valueRequired\":true,\"valueName\":\"search_term_string\"}}],\"inLanguage\":\"sk-SK\"}]}<\/script>\n<!-- \/ Yoast SEO plugin. -->","yoast_head_json":{"title":"Bezep\u010dnos\u0165 firemn\u00fdch d\u00e1t | Spo\u013eahliv\u00e1 IT ochrana","description":"Chr\u00e1\u0148te svoje firemn\u00e9 d\u00e1ta pred kybernetick\u00fdmi hrozbami, \u00fanikom a stratou. Pon\u00fakame IT rie\u0161enia pre kyberbezpe\u010dnos\u0165 a bezpe\u010dn\u00fa spr\u00e1vu citliv\u00fdch inform\u00e1ci\u00ed.","robots":{"index":"index","follow":"follow","max-snippet":"max-snippet:-1","max-image-preview":"max-image-preview:large","max-video-preview":"max-video-preview:-1"},"canonical":"https:\/\/www.ixperta.com\/sk\/digitalizacia\/bezpecnost-firemnych-dat\/","og_locale":"sk_SK","og_type":"article","og_title":"Bezep\u010dnos\u0165 firemn\u00fdch d\u00e1t | Spo\u013eahliv\u00e1 IT ochrana","og_description":"Chr\u00e1\u0148te svoje firemn\u00e9 d\u00e1ta pred kybernetick\u00fdmi hrozbami, \u00fanikom a stratou. Pon\u00fakame IT rie\u0161enia pre kyberbezpe\u010dnos\u0165 a bezpe\u010dn\u00fa spr\u00e1vu citliv\u00fdch inform\u00e1ci\u00ed.","og_url":"https:\/\/www.ixperta.com\/sk\/digitalizacia\/bezpecnost-firemnych-dat\/","og_site_name":"IXPERTA","article_modified_time":"2025-12-01T15:38:43+00:00","og_image":[{"width":1200,"height":900,"url":"https:\/\/www.ixperta.com\/wp-content\/uploads\/2025\/10\/ixperta.png","type":"image\/png"}],"twitter_card":"summary_large_image","twitter_misc":{"Predpokladan\u00fd \u010das \u010d\u00edtania":"6 min\u00fat"},"schema":{"@context":"https:\/\/schema.org","@graph":[{"@type":"WebPage","@id":"https:\/\/www.ixperta.com\/sk\/digitalizacia\/bezpecnost-firemnych-dat\/","url":"https:\/\/www.ixperta.com\/sk\/digitalizacia\/bezpecnost-firemnych-dat\/","name":"Bezep\u010dnos\u0165 firemn\u00fdch d\u00e1t | Spo\u013eahliv\u00e1 IT ochrana","isPartOf":{"@id":"https:\/\/www.ixperta.com\/sk\/#website"},"datePublished":"2025-07-01T06:42:18+00:00","dateModified":"2025-12-01T15:38:43+00:00","description":"Chr\u00e1\u0148te svoje firemn\u00e9 d\u00e1ta pred kybernetick\u00fdmi hrozbami, \u00fanikom a stratou. Pon\u00fakame IT rie\u0161enia pre kyberbezpe\u010dnos\u0165 a bezpe\u010dn\u00fa spr\u00e1vu citliv\u00fdch inform\u00e1ci\u00ed.","breadcrumb":{"@id":"https:\/\/www.ixperta.com\/sk\/digitalizacia\/bezpecnost-firemnych-dat\/#breadcrumb"},"inLanguage":"sk-SK","potentialAction":[{"@type":"ReadAction","target":["https:\/\/www.ixperta.com\/sk\/digitalizacia\/bezpecnost-firemnych-dat\/"]}]},{"@type":"BreadcrumbList","@id":"https:\/\/www.ixperta.com\/sk\/digitalizacia\/bezpecnost-firemnych-dat\/#breadcrumb","itemListElement":[{"@type":"ListItem","position":1,"name":"Domov","item":"https:\/\/www.ixperta.com\/sk\/"},{"@type":"ListItem","position":2,"name":"Digitaliz\u00e1cia","item":"https:\/\/www.ixperta.com\/sk\/digitalizacia\/"},{"@type":"ListItem","position":3,"name":"Bezpe\u010dnos\u0165 firemn\u00fdch d\u00e1t"}]},{"@type":"WebSite","@id":"https:\/\/www.ixperta.com\/sk\/#website","url":"https:\/\/www.ixperta.com\/sk\/","name":"IXPERTA","description":"","potentialAction":[{"@type":"SearchAction","target":{"@type":"EntryPoint","urlTemplate":"https:\/\/www.ixperta.com\/sk\/?s={search_term_string}"},"query-input":{"@type":"PropertyValueSpecification","valueRequired":true,"valueName":"search_term_string"}}],"inLanguage":"sk-SK"}]}},"_links":{"self":[{"href":"https:\/\/www.ixperta.com\/sk\/wp-json\/wp\/v2\/pages\/33","targetHints":{"allow":["GET"]}}],"collection":[{"href":"https:\/\/www.ixperta.com\/sk\/wp-json\/wp\/v2\/pages"}],"about":[{"href":"https:\/\/www.ixperta.com\/sk\/wp-json\/wp\/v2\/types\/page"}],"author":[{"embeddable":true,"href":"https:\/\/www.ixperta.com\/sk\/wp-json\/wp\/v2\/users\/1"}],"replies":[{"embeddable":true,"href":"https:\/\/www.ixperta.com\/sk\/wp-json\/wp\/v2\/comments?post=33"}],"version-history":[{"count":19,"href":"https:\/\/www.ixperta.com\/sk\/wp-json\/wp\/v2\/pages\/33\/revisions"}],"predecessor-version":[{"id":4395,"href":"https:\/\/www.ixperta.com\/sk\/wp-json\/wp\/v2\/pages\/33\/revisions\/4395"}],"up":[{"embeddable":true,"href":"https:\/\/www.ixperta.com\/sk\/wp-json\/wp\/v2\/pages\/13"}],"wp:attachment":[{"href":"https:\/\/www.ixperta.com\/sk\/wp-json\/wp\/v2\/media?parent=33"}],"curies":[{"name":"wp","href":"https:\/\/api.w.org\/{rel}","templated":true}]}}