{"id":3,"date":"2025-07-01T08:31:30","date_gmt":"2025-07-01T06:31:30","guid":{"rendered":"https:\/\/www.ixperta.com\/?page_id=3"},"modified":"2025-09-24T12:30:26","modified_gmt":"2025-09-24T10:30:26","slug":"ochrana-sukromia","status":"publish","type":"page","link":"https:\/\/www.ixperta.com\/sk\/ochrana-sukromia\/","title":{"rendered":"Ochrana osobn\u00fdch \u00fadajov"},"content":{"rendered":"","protected":false},"excerpt":{"rendered":"<p>Inform\u00e1cie o spracovan\u00ed osobn\u00fdch \u00fadajov spolo\u010dnos\u0165ou IXPERTA s.r.o.  opr\u00e1vnenej podnika\u0165 v Slovenskej republike prostredn\u00edctvom svojej organiza\u010dnej zlo\u017eky IXPERTA s.r.o., organiza\u010dn\u00e1 zlo\u017eka<\/p>\n","protected":false},"author":1,"featured_media":0,"parent":0,"menu_order":0,"comment_status":"closed","ping_status":"open","template":"","meta":{"_acf_changed":false,"footnotes":""},"class_list":["post-3","page","type-page","status-publish","hentry"],"acf":[],"yoast_head":"<!-- This site is optimized with the Yoast SEO plugin v27.4 - https:\/\/yoast.com\/product\/yoast-seo-wordpress\/ -->\n<title>Ochrana osobn\u00fdch \u00fadajov | IXPERTA<\/title>\n<meta name=\"description\" content=\"Inform\u00e1cie o ochrane osobn\u00fdch \u00fadajov. Zistite, na ak\u00e9 \u00fa\u010dely sprac\u00favame osobn\u00e9 \u00fadaje a pre\u010d\u00edtajte si na\u0161e z\u00e1sady ich bezpe\u010dn\u00e9ho spracovania.\" \/>\n<meta name=\"robots\" content=\"index, follow, max-snippet:-1, max-image-preview:large, max-video-preview:-1\" \/>\n<link rel=\"canonical\" href=\"https:\/\/www.ixperta.com\/sk\/ochrana-sukromia\/\" \/>\n<meta property=\"og:locale\" content=\"sk_SK\" \/>\n<meta property=\"og:type\" content=\"article\" \/>\n<meta property=\"og:title\" content=\"Ochrana osobn\u00fdch \u00fadajov | IXPERTA\" \/>\n<meta property=\"og:description\" content=\"Inform\u00e1cie o ochrane osobn\u00fdch \u00fadajov. Zistite, na ak\u00e9 \u00fa\u010dely sprac\u00favame osobn\u00e9 \u00fadaje a pre\u010d\u00edtajte si na\u0161e z\u00e1sady ich bezpe\u010dn\u00e9ho spracovania.\" \/>\n<meta property=\"og:url\" content=\"https:\/\/www.ixperta.com\/sk\/ochrana-sukromia\/\" \/>\n<meta property=\"og:site_name\" content=\"IXPERTA\" \/>\n<meta property=\"article:modified_time\" content=\"2025-09-24T10:30:26+00:00\" \/>\n<meta property=\"og:image\" content=\"https:\/\/www.ixperta.com\/wp-content\/uploads\/2025\/10\/ixperta.png\" \/>\n\t<meta property=\"og:image:width\" content=\"1200\" \/>\n\t<meta property=\"og:image:height\" content=\"900\" \/>\n\t<meta property=\"og:image:type\" content=\"image\/png\" \/>\n<meta name=\"twitter:card\" content=\"summary_large_image\" \/>\n<meta name=\"twitter:label1\" content=\"Predpokladan\u00fd \u010das \u010d\u00edtania\" \/>\n\t<meta name=\"twitter:data1\" content=\"8 min\u00fat\" \/>\n<script type=\"application\/ld+json\" class=\"yoast-schema-graph\">{\"@context\":\"https:\\\/\\\/schema.org\",\"@graph\":[{\"@type\":\"WebPage\",\"@id\":\"https:\\\/\\\/www.ixperta.com\\\/sk\\\/ochrana-sukromia\\\/\",\"url\":\"https:\\\/\\\/www.ixperta.com\\\/sk\\\/ochrana-sukromia\\\/\",\"name\":\"Ochrana osobn\u00fdch \u00fadajov | IXPERTA\",\"isPartOf\":{\"@id\":\"https:\\\/\\\/www.ixperta.com\\\/sk\\\/#website\"},\"datePublished\":\"2025-07-01T06:31:30+00:00\",\"dateModified\":\"2025-09-24T10:30:26+00:00\",\"description\":\"Inform\u00e1cie o ochrane osobn\u00fdch \u00fadajov. Zistite, na ak\u00e9 \u00fa\u010dely sprac\u00favame osobn\u00e9 \u00fadaje a pre\u010d\u00edtajte si na\u0161e z\u00e1sady ich bezpe\u010dn\u00e9ho spracovania.\",\"breadcrumb\":{\"@id\":\"https:\\\/\\\/www.ixperta.com\\\/sk\\\/ochrana-sukromia\\\/#breadcrumb\"},\"inLanguage\":\"sk-SK\",\"potentialAction\":[{\"@type\":\"ReadAction\",\"target\":[\"https:\\\/\\\/www.ixperta.com\\\/sk\\\/ochrana-sukromia\\\/\"]}]},{\"@type\":\"BreadcrumbList\",\"@id\":\"https:\\\/\\\/www.ixperta.com\\\/sk\\\/ochrana-sukromia\\\/#breadcrumb\",\"itemListElement\":[{\"@type\":\"ListItem\",\"position\":1,\"name\":\"Domov\",\"item\":\"https:\\\/\\\/www.ixperta.com\\\/sk\\\/\"},{\"@type\":\"ListItem\",\"position\":2,\"name\":\"Ochrana osobn\u00fdch \u00fadajov\"}]},{\"@type\":\"WebSite\",\"@id\":\"https:\\\/\\\/www.ixperta.com\\\/sk\\\/#website\",\"url\":\"https:\\\/\\\/www.ixperta.com\\\/sk\\\/\",\"name\":\"IXPERTA\",\"description\":\"\",\"potentialAction\":[{\"@type\":\"SearchAction\",\"target\":{\"@type\":\"EntryPoint\",\"urlTemplate\":\"https:\\\/\\\/www.ixperta.com\\\/sk\\\/?s={search_term_string}\"},\"query-input\":{\"@type\":\"PropertyValueSpecification\",\"valueRequired\":true,\"valueName\":\"search_term_string\"}}],\"inLanguage\":\"sk-SK\"}]}<\/script>\n<!-- \/ Yoast SEO plugin. -->","yoast_head_json":{"title":"Ochrana osobn\u00fdch \u00fadajov | IXPERTA","description":"Inform\u00e1cie o ochrane osobn\u00fdch \u00fadajov. Zistite, na ak\u00e9 \u00fa\u010dely sprac\u00favame osobn\u00e9 \u00fadaje a pre\u010d\u00edtajte si na\u0161e z\u00e1sady ich bezpe\u010dn\u00e9ho spracovania.","robots":{"index":"index","follow":"follow","max-snippet":"max-snippet:-1","max-image-preview":"max-image-preview:large","max-video-preview":"max-video-preview:-1"},"canonical":"https:\/\/www.ixperta.com\/sk\/ochrana-sukromia\/","og_locale":"sk_SK","og_type":"article","og_title":"Ochrana osobn\u00fdch \u00fadajov | IXPERTA","og_description":"Inform\u00e1cie o ochrane osobn\u00fdch \u00fadajov. Zistite, na ak\u00e9 \u00fa\u010dely sprac\u00favame osobn\u00e9 \u00fadaje a pre\u010d\u00edtajte si na\u0161e z\u00e1sady ich bezpe\u010dn\u00e9ho spracovania.","og_url":"https:\/\/www.ixperta.com\/sk\/ochrana-sukromia\/","og_site_name":"IXPERTA","article_modified_time":"2025-09-24T10:30:26+00:00","og_image":[{"width":1200,"height":900,"url":"https:\/\/www.ixperta.com\/wp-content\/uploads\/2025\/10\/ixperta.png","type":"image\/png"}],"twitter_card":"summary_large_image","twitter_misc":{"Predpokladan\u00fd \u010das \u010d\u00edtania":"8 min\u00fat"},"schema":{"@context":"https:\/\/schema.org","@graph":[{"@type":"WebPage","@id":"https:\/\/www.ixperta.com\/sk\/ochrana-sukromia\/","url":"https:\/\/www.ixperta.com\/sk\/ochrana-sukromia\/","name":"Ochrana osobn\u00fdch \u00fadajov | IXPERTA","isPartOf":{"@id":"https:\/\/www.ixperta.com\/sk\/#website"},"datePublished":"2025-07-01T06:31:30+00:00","dateModified":"2025-09-24T10:30:26+00:00","description":"Inform\u00e1cie o ochrane osobn\u00fdch \u00fadajov. Zistite, na ak\u00e9 \u00fa\u010dely sprac\u00favame osobn\u00e9 \u00fadaje a pre\u010d\u00edtajte si na\u0161e z\u00e1sady ich bezpe\u010dn\u00e9ho spracovania.","breadcrumb":{"@id":"https:\/\/www.ixperta.com\/sk\/ochrana-sukromia\/#breadcrumb"},"inLanguage":"sk-SK","potentialAction":[{"@type":"ReadAction","target":["https:\/\/www.ixperta.com\/sk\/ochrana-sukromia\/"]}]},{"@type":"BreadcrumbList","@id":"https:\/\/www.ixperta.com\/sk\/ochrana-sukromia\/#breadcrumb","itemListElement":[{"@type":"ListItem","position":1,"name":"Domov","item":"https:\/\/www.ixperta.com\/sk\/"},{"@type":"ListItem","position":2,"name":"Ochrana osobn\u00fdch \u00fadajov"}]},{"@type":"WebSite","@id":"https:\/\/www.ixperta.com\/sk\/#website","url":"https:\/\/www.ixperta.com\/sk\/","name":"IXPERTA","description":"","potentialAction":[{"@type":"SearchAction","target":{"@type":"EntryPoint","urlTemplate":"https:\/\/www.ixperta.com\/sk\/?s={search_term_string}"},"query-input":{"@type":"PropertyValueSpecification","valueRequired":true,"valueName":"search_term_string"}}],"inLanguage":"sk-SK"}]}},"_links":{"self":[{"href":"https:\/\/www.ixperta.com\/sk\/wp-json\/wp\/v2\/pages\/3","targetHints":{"allow":["GET"]}}],"collection":[{"href":"https:\/\/www.ixperta.com\/sk\/wp-json\/wp\/v2\/pages"}],"about":[{"href":"https:\/\/www.ixperta.com\/sk\/wp-json\/wp\/v2\/types\/page"}],"author":[{"embeddable":true,"href":"https:\/\/www.ixperta.com\/sk\/wp-json\/wp\/v2\/users\/1"}],"replies":[{"embeddable":true,"href":"https:\/\/www.ixperta.com\/sk\/wp-json\/wp\/v2\/comments?post=3"}],"version-history":[{"count":12,"href":"https:\/\/www.ixperta.com\/sk\/wp-json\/wp\/v2\/pages\/3\/revisions"}],"predecessor-version":[{"id":3105,"href":"https:\/\/www.ixperta.com\/sk\/wp-json\/wp\/v2\/pages\/3\/revisions\/3105"}],"wp:attachment":[{"href":"https:\/\/www.ixperta.com\/sk\/wp-json\/wp\/v2\/media?parent=3"}],"curies":[{"name":"wp","href":"https:\/\/api.w.org\/{rel}","templated":true}]}}