{"id":17,"date":"2025-07-01T08:40:48","date_gmt":"2025-07-01T06:40:48","guid":{"rendered":"https:\/\/www.ixperta.com\/?page_id=17"},"modified":"2025-12-01T18:07:13","modified_gmt":"2025-12-01T17:07:13","slug":"inovacie","status":"publish","type":"page","link":"https:\/\/www.ixperta.com\/sk\/inovacie\/","title":{"rendered":"Inov\u00e1cie"},"content":{"rendered":"","protected":false},"excerpt":{"rendered":"","protected":false},"author":1,"featured_media":0,"parent":0,"menu_order":0,"comment_status":"closed","ping_status":"closed","template":"page-noheadline.php","meta":{"_acf_changed":false,"footnotes":""},"class_list":["post-17","page","type-page","status-publish","hentry"],"acf":[],"yoast_head":"<!-- This site is optimized with the Yoast SEO plugin v27.4 - https:\/\/yoast.com\/product\/yoast-seo-wordpress\/ -->\n<title>Inov\u00e1cie | IXPERTA<\/title>\n<meta name=\"description\" content=\"Technol\u00f3gie pre v\u00fdskum a priemysel, bezpe\u010dnostn\u00e9 platformy \u010di rie\u0161enia pre finan\u010dn\u00e9 trhy. Inov\u00e1cie m\u00e1me v DNA. Objavte sp\u00f4soby, ako inovova\u0165 v\u00e1\u0161 biznis s nami.\" \/>\n<meta name=\"robots\" content=\"index, follow, max-snippet:-1, max-image-preview:large, max-video-preview:-1\" \/>\n<link rel=\"canonical\" href=\"https:\/\/www.ixperta.com\/sk\/inovacie\/\" \/>\n<meta property=\"og:locale\" content=\"sk_SK\" \/>\n<meta property=\"og:type\" content=\"article\" \/>\n<meta property=\"og:title\" content=\"Inov\u00e1cie | IXPERTA\" \/>\n<meta property=\"og:description\" content=\"Technol\u00f3gie pre v\u00fdskum a priemysel, bezpe\u010dnostn\u00e9 platformy \u010di rie\u0161enia pre finan\u010dn\u00e9 trhy. Inov\u00e1cie m\u00e1me v DNA. Objavte sp\u00f4soby, ako inovova\u0165 v\u00e1\u0161 biznis s nami.\" \/>\n<meta property=\"og:url\" content=\"https:\/\/www.ixperta.com\/sk\/inovacie\/\" \/>\n<meta property=\"og:site_name\" content=\"IXPERTA\" \/>\n<meta property=\"article:modified_time\" content=\"2025-12-01T17:07:13+00:00\" \/>\n<meta property=\"og:image\" content=\"https:\/\/www.ixperta.com\/wp-content\/uploads\/2025\/10\/ixperta.png\" \/>\n\t<meta property=\"og:image:width\" content=\"1200\" \/>\n\t<meta property=\"og:image:height\" content=\"900\" \/>\n\t<meta property=\"og:image:type\" content=\"image\/png\" \/>\n<meta name=\"twitter:card\" content=\"summary_large_image\" \/>\n<meta name=\"twitter:label1\" content=\"Predpokladan\u00fd \u010das \u010d\u00edtania\" \/>\n\t<meta name=\"twitter:data1\" content=\"4 min\u00faty\" \/>\n<script type=\"application\/ld+json\" class=\"yoast-schema-graph\">{\"@context\":\"https:\\\/\\\/schema.org\",\"@graph\":[{\"@type\":\"WebPage\",\"@id\":\"https:\\\/\\\/www.ixperta.com\\\/sk\\\/inovacie\\\/\",\"url\":\"https:\\\/\\\/www.ixperta.com\\\/sk\\\/inovacie\\\/\",\"name\":\"Inov\u00e1cie | IXPERTA\",\"isPartOf\":{\"@id\":\"https:\\\/\\\/www.ixperta.com\\\/sk\\\/#website\"},\"datePublished\":\"2025-07-01T06:40:48+00:00\",\"dateModified\":\"2025-12-01T17:07:13+00:00\",\"description\":\"Technol\u00f3gie pre v\u00fdskum a priemysel, bezpe\u010dnostn\u00e9 platformy \u010di rie\u0161enia pre finan\u010dn\u00e9 trhy. Inov\u00e1cie m\u00e1me v DNA. Objavte sp\u00f4soby, ako inovova\u0165 v\u00e1\u0161 biznis s nami.\",\"breadcrumb\":{\"@id\":\"https:\\\/\\\/www.ixperta.com\\\/sk\\\/inovacie\\\/#breadcrumb\"},\"inLanguage\":\"sk-SK\",\"potentialAction\":[{\"@type\":\"ReadAction\",\"target\":[\"https:\\\/\\\/www.ixperta.com\\\/sk\\\/inovacie\\\/\"]}]},{\"@type\":\"BreadcrumbList\",\"@id\":\"https:\\\/\\\/www.ixperta.com\\\/sk\\\/inovacie\\\/#breadcrumb\",\"itemListElement\":[{\"@type\":\"ListItem\",\"position\":1,\"name\":\"Domov\",\"item\":\"https:\\\/\\\/www.ixperta.com\\\/sk\\\/\"},{\"@type\":\"ListItem\",\"position\":2,\"name\":\"Inov\u00e1cie\"}]},{\"@type\":\"WebSite\",\"@id\":\"https:\\\/\\\/www.ixperta.com\\\/sk\\\/#website\",\"url\":\"https:\\\/\\\/www.ixperta.com\\\/sk\\\/\",\"name\":\"IXPERTA\",\"description\":\"\",\"potentialAction\":[{\"@type\":\"SearchAction\",\"target\":{\"@type\":\"EntryPoint\",\"urlTemplate\":\"https:\\\/\\\/www.ixperta.com\\\/sk\\\/?s={search_term_string}\"},\"query-input\":{\"@type\":\"PropertyValueSpecification\",\"valueRequired\":true,\"valueName\":\"search_term_string\"}}],\"inLanguage\":\"sk-SK\"}]}<\/script>\n<!-- \/ Yoast SEO plugin. -->","yoast_head_json":{"title":"Inov\u00e1cie | IXPERTA","description":"Technol\u00f3gie pre v\u00fdskum a priemysel, bezpe\u010dnostn\u00e9 platformy \u010di rie\u0161enia pre finan\u010dn\u00e9 trhy. Inov\u00e1cie m\u00e1me v DNA. Objavte sp\u00f4soby, ako inovova\u0165 v\u00e1\u0161 biznis s nami.","robots":{"index":"index","follow":"follow","max-snippet":"max-snippet:-1","max-image-preview":"max-image-preview:large","max-video-preview":"max-video-preview:-1"},"canonical":"https:\/\/www.ixperta.com\/sk\/inovacie\/","og_locale":"sk_SK","og_type":"article","og_title":"Inov\u00e1cie | IXPERTA","og_description":"Technol\u00f3gie pre v\u00fdskum a priemysel, bezpe\u010dnostn\u00e9 platformy \u010di rie\u0161enia pre finan\u010dn\u00e9 trhy. Inov\u00e1cie m\u00e1me v DNA. Objavte sp\u00f4soby, ako inovova\u0165 v\u00e1\u0161 biznis s nami.","og_url":"https:\/\/www.ixperta.com\/sk\/inovacie\/","og_site_name":"IXPERTA","article_modified_time":"2025-12-01T17:07:13+00:00","og_image":[{"width":1200,"height":900,"url":"https:\/\/www.ixperta.com\/wp-content\/uploads\/2025\/10\/ixperta.png","type":"image\/png"}],"twitter_card":"summary_large_image","twitter_misc":{"Predpokladan\u00fd \u010das \u010d\u00edtania":"4 min\u00faty"},"schema":{"@context":"https:\/\/schema.org","@graph":[{"@type":"WebPage","@id":"https:\/\/www.ixperta.com\/sk\/inovacie\/","url":"https:\/\/www.ixperta.com\/sk\/inovacie\/","name":"Inov\u00e1cie | IXPERTA","isPartOf":{"@id":"https:\/\/www.ixperta.com\/sk\/#website"},"datePublished":"2025-07-01T06:40:48+00:00","dateModified":"2025-12-01T17:07:13+00:00","description":"Technol\u00f3gie pre v\u00fdskum a priemysel, bezpe\u010dnostn\u00e9 platformy \u010di rie\u0161enia pre finan\u010dn\u00e9 trhy. Inov\u00e1cie m\u00e1me v DNA. Objavte sp\u00f4soby, ako inovova\u0165 v\u00e1\u0161 biznis s nami.","breadcrumb":{"@id":"https:\/\/www.ixperta.com\/sk\/inovacie\/#breadcrumb"},"inLanguage":"sk-SK","potentialAction":[{"@type":"ReadAction","target":["https:\/\/www.ixperta.com\/sk\/inovacie\/"]}]},{"@type":"BreadcrumbList","@id":"https:\/\/www.ixperta.com\/sk\/inovacie\/#breadcrumb","itemListElement":[{"@type":"ListItem","position":1,"name":"Domov","item":"https:\/\/www.ixperta.com\/sk\/"},{"@type":"ListItem","position":2,"name":"Inov\u00e1cie"}]},{"@type":"WebSite","@id":"https:\/\/www.ixperta.com\/sk\/#website","url":"https:\/\/www.ixperta.com\/sk\/","name":"IXPERTA","description":"","potentialAction":[{"@type":"SearchAction","target":{"@type":"EntryPoint","urlTemplate":"https:\/\/www.ixperta.com\/sk\/?s={search_term_string}"},"query-input":{"@type":"PropertyValueSpecification","valueRequired":true,"valueName":"search_term_string"}}],"inLanguage":"sk-SK"}]}},"_links":{"self":[{"href":"https:\/\/www.ixperta.com\/sk\/wp-json\/wp\/v2\/pages\/17","targetHints":{"allow":["GET"]}}],"collection":[{"href":"https:\/\/www.ixperta.com\/sk\/wp-json\/wp\/v2\/pages"}],"about":[{"href":"https:\/\/www.ixperta.com\/sk\/wp-json\/wp\/v2\/types\/page"}],"author":[{"embeddable":true,"href":"https:\/\/www.ixperta.com\/sk\/wp-json\/wp\/v2\/users\/1"}],"replies":[{"embeddable":true,"href":"https:\/\/www.ixperta.com\/sk\/wp-json\/wp\/v2\/comments?post=17"}],"version-history":[{"count":31,"href":"https:\/\/www.ixperta.com\/sk\/wp-json\/wp\/v2\/pages\/17\/revisions"}],"predecessor-version":[{"id":4408,"href":"https:\/\/www.ixperta.com\/sk\/wp-json\/wp\/v2\/pages\/17\/revisions\/4408"}],"wp:attachment":[{"href":"https:\/\/www.ixperta.com\/sk\/wp-json\/wp\/v2\/media?parent=17"}],"curies":[{"name":"wp","href":"https:\/\/api.w.org\/{rel}","templated":true}]}}