{"id":11,"date":"2025-07-01T08:40:25","date_gmt":"2025-07-01T06:40:25","guid":{"rendered":"https:\/\/www.ixperta.com\/?page_id=11"},"modified":"2025-12-11T08:47:08","modified_gmt":"2025-12-11T07:47:08","slug":"sluzby","status":"publish","type":"page","link":"https:\/\/www.ixperta.com\/sk\/sluzby\/","title":{"rendered":"Slu\u017eby"},"content":{"rendered":"","protected":false},"excerpt":{"rendered":"<p>Tvor\u00edme technol\u00f3gie, ktor\u00e9 rozv\u00edjaj\u00fa v\u00e1\u0161 biznis. Prep\u00e1jame svet softv\u00e9ru, IT infra\u0161trukt\u00fary a komunika\u010dn\u00fdch technol\u00f3gi\u00ed do spo\u013eahliv\u00e9ho  ekosyst\u00e9mu \u2013 bezpe\u010dne, flexibilne a bez kompromisov.<\/p>\n<p><strong>Pom\u00e1hame firm\u00e1m r\u00e1s\u0165.<\/strong><\/p>\n","protected":false},"author":1,"featured_media":0,"parent":0,"menu_order":0,"comment_status":"closed","ping_status":"closed","template":"","meta":{"_acf_changed":false,"footnotes":""},"class_list":["post-11","page","type-page","status-publish","hentry"],"acf":[],"yoast_head":"<!-- This site is optimized with the Yoast SEO plugin v27.4 - https:\/\/yoast.com\/product\/yoast-seo-wordpress\/ -->\n<title>IT Slu\u017eby - Digitaliz\u00e1cia, Technol\u00f3gie a Inov\u00e1cie | IXPERTA<\/title>\n<meta name=\"description\" content=\"IXPERTA prin\u00e1\u0161a komplexn\u00e9 IT slu\u017eby v oblasti digitaliz\u00e1cie, technol\u00f3gi\u00ed a inov\u00e1ci\u00ed pre flexibiln\u00fd, bezpe\u010dn\u00fd a v\u00fdkonn\u00fd IT ekosyst\u00e9m.\" \/>\n<meta name=\"robots\" content=\"index, follow, max-snippet:-1, max-image-preview:large, max-video-preview:-1\" \/>\n<link rel=\"canonical\" href=\"https:\/\/www.ixperta.com\/sk\/sluzby\/\" \/>\n<meta property=\"og:locale\" content=\"sk_SK\" \/>\n<meta property=\"og:type\" content=\"article\" \/>\n<meta property=\"og:title\" content=\"IT Slu\u017eby - Digitaliz\u00e1cia, Technol\u00f3gie a Inov\u00e1cie | IXPERTA\" \/>\n<meta property=\"og:description\" content=\"IXPERTA prin\u00e1\u0161a komplexn\u00e9 IT slu\u017eby v oblasti digitaliz\u00e1cie, technol\u00f3gi\u00ed a inov\u00e1ci\u00ed pre flexibiln\u00fd, bezpe\u010dn\u00fd a v\u00fdkonn\u00fd IT ekosyst\u00e9m.\" \/>\n<meta property=\"og:url\" content=\"https:\/\/www.ixperta.com\/sk\/sluzby\/\" \/>\n<meta property=\"og:site_name\" content=\"IXPERTA\" \/>\n<meta property=\"article:modified_time\" content=\"2025-12-11T07:47:08+00:00\" \/>\n<meta property=\"og:image\" content=\"https:\/\/www.ixperta.com\/wp-content\/uploads\/2025\/10\/ixperta.png\" \/>\n\t<meta property=\"og:image:width\" content=\"1200\" \/>\n\t<meta property=\"og:image:height\" content=\"900\" \/>\n\t<meta property=\"og:image:type\" content=\"image\/png\" \/>\n<meta name=\"twitter:card\" content=\"summary_large_image\" \/>\n<meta name=\"twitter:label1\" content=\"Predpokladan\u00fd \u010das \u010d\u00edtania\" \/>\n\t<meta name=\"twitter:data1\" content=\"6 min\u00fat\" \/>\n<script type=\"application\/ld+json\" class=\"yoast-schema-graph\">{\"@context\":\"https:\\\/\\\/schema.org\",\"@graph\":[{\"@type\":\"WebPage\",\"@id\":\"https:\\\/\\\/www.ixperta.com\\\/sk\\\/sluzby\\\/\",\"url\":\"https:\\\/\\\/www.ixperta.com\\\/sk\\\/sluzby\\\/\",\"name\":\"IT Slu\u017eby - Digitaliz\u00e1cia, Technol\u00f3gie a Inov\u00e1cie | IXPERTA\",\"isPartOf\":{\"@id\":\"https:\\\/\\\/www.ixperta.com\\\/sk\\\/#website\"},\"datePublished\":\"2025-07-01T06:40:25+00:00\",\"dateModified\":\"2025-12-11T07:47:08+00:00\",\"description\":\"IXPERTA prin\u00e1\u0161a komplexn\u00e9 IT slu\u017eby v oblasti digitaliz\u00e1cie, technol\u00f3gi\u00ed a inov\u00e1ci\u00ed pre flexibiln\u00fd, bezpe\u010dn\u00fd a v\u00fdkonn\u00fd IT ekosyst\u00e9m.\",\"breadcrumb\":{\"@id\":\"https:\\\/\\\/www.ixperta.com\\\/sk\\\/sluzby\\\/#breadcrumb\"},\"inLanguage\":\"sk-SK\",\"potentialAction\":[{\"@type\":\"ReadAction\",\"target\":[\"https:\\\/\\\/www.ixperta.com\\\/sk\\\/sluzby\\\/\"]}]},{\"@type\":\"BreadcrumbList\",\"@id\":\"https:\\\/\\\/www.ixperta.com\\\/sk\\\/sluzby\\\/#breadcrumb\",\"itemListElement\":[{\"@type\":\"ListItem\",\"position\":1,\"name\":\"Domov\",\"item\":\"https:\\\/\\\/www.ixperta.com\\\/sk\\\/\"},{\"@type\":\"ListItem\",\"position\":2,\"name\":\"Slu\u017eby\"}]},{\"@type\":\"WebSite\",\"@id\":\"https:\\\/\\\/www.ixperta.com\\\/sk\\\/#website\",\"url\":\"https:\\\/\\\/www.ixperta.com\\\/sk\\\/\",\"name\":\"IXPERTA\",\"description\":\"\",\"potentialAction\":[{\"@type\":\"SearchAction\",\"target\":{\"@type\":\"EntryPoint\",\"urlTemplate\":\"https:\\\/\\\/www.ixperta.com\\\/sk\\\/?s={search_term_string}\"},\"query-input\":{\"@type\":\"PropertyValueSpecification\",\"valueRequired\":true,\"valueName\":\"search_term_string\"}}],\"inLanguage\":\"sk-SK\"}]}<\/script>\n<!-- \/ Yoast SEO plugin. -->","yoast_head_json":{"title":"IT Slu\u017eby - Digitaliz\u00e1cia, Technol\u00f3gie a Inov\u00e1cie | IXPERTA","description":"IXPERTA prin\u00e1\u0161a komplexn\u00e9 IT slu\u017eby v oblasti digitaliz\u00e1cie, technol\u00f3gi\u00ed a inov\u00e1ci\u00ed pre flexibiln\u00fd, bezpe\u010dn\u00fd a v\u00fdkonn\u00fd IT ekosyst\u00e9m.","robots":{"index":"index","follow":"follow","max-snippet":"max-snippet:-1","max-image-preview":"max-image-preview:large","max-video-preview":"max-video-preview:-1"},"canonical":"https:\/\/www.ixperta.com\/sk\/sluzby\/","og_locale":"sk_SK","og_type":"article","og_title":"IT Slu\u017eby - Digitaliz\u00e1cia, Technol\u00f3gie a Inov\u00e1cie | IXPERTA","og_description":"IXPERTA prin\u00e1\u0161a komplexn\u00e9 IT slu\u017eby v oblasti digitaliz\u00e1cie, technol\u00f3gi\u00ed a inov\u00e1ci\u00ed pre flexibiln\u00fd, bezpe\u010dn\u00fd a v\u00fdkonn\u00fd IT ekosyst\u00e9m.","og_url":"https:\/\/www.ixperta.com\/sk\/sluzby\/","og_site_name":"IXPERTA","article_modified_time":"2025-12-11T07:47:08+00:00","og_image":[{"width":1200,"height":900,"url":"https:\/\/www.ixperta.com\/wp-content\/uploads\/2025\/10\/ixperta.png","type":"image\/png"}],"twitter_card":"summary_large_image","twitter_misc":{"Predpokladan\u00fd \u010das \u010d\u00edtania":"6 min\u00fat"},"schema":{"@context":"https:\/\/schema.org","@graph":[{"@type":"WebPage","@id":"https:\/\/www.ixperta.com\/sk\/sluzby\/","url":"https:\/\/www.ixperta.com\/sk\/sluzby\/","name":"IT Slu\u017eby - Digitaliz\u00e1cia, Technol\u00f3gie a Inov\u00e1cie | IXPERTA","isPartOf":{"@id":"https:\/\/www.ixperta.com\/sk\/#website"},"datePublished":"2025-07-01T06:40:25+00:00","dateModified":"2025-12-11T07:47:08+00:00","description":"IXPERTA prin\u00e1\u0161a komplexn\u00e9 IT slu\u017eby v oblasti digitaliz\u00e1cie, technol\u00f3gi\u00ed a inov\u00e1ci\u00ed pre flexibiln\u00fd, bezpe\u010dn\u00fd a v\u00fdkonn\u00fd IT ekosyst\u00e9m.","breadcrumb":{"@id":"https:\/\/www.ixperta.com\/sk\/sluzby\/#breadcrumb"},"inLanguage":"sk-SK","potentialAction":[{"@type":"ReadAction","target":["https:\/\/www.ixperta.com\/sk\/sluzby\/"]}]},{"@type":"BreadcrumbList","@id":"https:\/\/www.ixperta.com\/sk\/sluzby\/#breadcrumb","itemListElement":[{"@type":"ListItem","position":1,"name":"Domov","item":"https:\/\/www.ixperta.com\/sk\/"},{"@type":"ListItem","position":2,"name":"Slu\u017eby"}]},{"@type":"WebSite","@id":"https:\/\/www.ixperta.com\/sk\/#website","url":"https:\/\/www.ixperta.com\/sk\/","name":"IXPERTA","description":"","potentialAction":[{"@type":"SearchAction","target":{"@type":"EntryPoint","urlTemplate":"https:\/\/www.ixperta.com\/sk\/?s={search_term_string}"},"query-input":{"@type":"PropertyValueSpecification","valueRequired":true,"valueName":"search_term_string"}}],"inLanguage":"sk-SK"}]}},"_links":{"self":[{"href":"https:\/\/www.ixperta.com\/sk\/wp-json\/wp\/v2\/pages\/11","targetHints":{"allow":["GET"]}}],"collection":[{"href":"https:\/\/www.ixperta.com\/sk\/wp-json\/wp\/v2\/pages"}],"about":[{"href":"https:\/\/www.ixperta.com\/sk\/wp-json\/wp\/v2\/types\/page"}],"author":[{"embeddable":true,"href":"https:\/\/www.ixperta.com\/sk\/wp-json\/wp\/v2\/users\/1"}],"replies":[{"embeddable":true,"href":"https:\/\/www.ixperta.com\/sk\/wp-json\/wp\/v2\/comments?post=11"}],"version-history":[{"count":28,"href":"https:\/\/www.ixperta.com\/sk\/wp-json\/wp\/v2\/pages\/11\/revisions"}],"predecessor-version":[{"id":4452,"href":"https:\/\/www.ixperta.com\/sk\/wp-json\/wp\/v2\/pages\/11\/revisions\/4452"}],"wp:attachment":[{"href":"https:\/\/www.ixperta.com\/sk\/wp-json\/wp\/v2\/media?parent=11"}],"curies":[{"name":"wp","href":"https:\/\/api.w.org\/{rel}","templated":true}]}}