{"id":1989,"date":"2025-07-04T11:25:52","date_gmt":"2025-07-04T09:25:52","guid":{"rendered":"https:\/\/www.ixperta.com\/ocenenia\/"},"modified":"2025-12-12T09:21:43","modified_gmt":"2025-12-12T08:21:43","slug":"awards","status":"publish","type":"page","link":"https:\/\/www.ixperta.com\/en\/awards\/","title":{"rendered":"Awards"},"content":{"rendered":"","protected":false},"excerpt":{"rendered":"<p>Recognized for Excellence<br \/>\nTrusted by clients, partners, and global leaders who value innovation and reliability.<\/p>\n<p>We have received a series of prestigious awards both at home and abroad, including the Czech Stability Award (AAA) and 3rd place in the \u010cesk\u00fd L\u00eddr competition.<br \/>\nAs Best Innovation Partner 2024 and recipient of the MSD Supplier Award for Innovation &#038; Design, we are recognized among the global leaders in software solutions for electron microscopy.<\/p>\n","protected":false},"author":1,"featured_media":0,"parent":0,"menu_order":0,"comment_status":"closed","ping_status":"closed","template":"","meta":{"_acf_changed":false,"footnotes":""},"class_list":["post-1989","page","type-page","status-publish","hentry"],"acf":[],"yoast_head":"<!-- This site is optimized with the Yoast SEO plugin v27.3 - https:\/\/yoast.com\/product\/yoast-seo-wordpress\/ -->\n<title>Certifications &amp; Industry Standards | IXPERTA<\/title>\n<meta name=\"description\" content=\"IXPERTA ranks among the global leaders in electron microscopy software. Discover our award-winning innovative IT solutions.\" \/>\n<meta name=\"robots\" content=\"index, follow, max-snippet:-1, max-image-preview:large, max-video-preview:-1\" \/>\n<link rel=\"canonical\" href=\"https:\/\/www.ixperta.com\/en\/awards\/\" \/>\n<meta property=\"og:locale\" content=\"en_US\" \/>\n<meta property=\"og:type\" content=\"article\" \/>\n<meta property=\"og:title\" content=\"Certifications &amp; Industry Standards | IXPERTA\" \/>\n<meta property=\"og:description\" content=\"IXPERTA ranks among the global leaders in electron microscopy software. Discover our award-winning innovative IT solutions.\" \/>\n<meta property=\"og:url\" content=\"https:\/\/www.ixperta.com\/en\/awards\/\" \/>\n<meta property=\"og:site_name\" content=\"IXPERTA\" \/>\n<meta property=\"article:modified_time\" content=\"2025-12-12T08:21:43+00:00\" \/>\n<meta property=\"og:image\" content=\"https:\/\/www.ixperta.com\/wp-content\/uploads\/2025\/10\/ixperta.png\" \/>\n\t<meta property=\"og:image:width\" content=\"1200\" \/>\n\t<meta property=\"og:image:height\" content=\"900\" \/>\n\t<meta property=\"og:image:type\" content=\"image\/png\" \/>\n<meta name=\"twitter:card\" content=\"summary_large_image\" \/>\n<meta name=\"twitter:label1\" content=\"Est. reading time\" \/>\n\t<meta name=\"twitter:data1\" content=\"1 minute\" \/>\n<script type=\"application\/ld+json\" class=\"yoast-schema-graph\">{\"@context\":\"https:\\\/\\\/schema.org\",\"@graph\":[{\"@type\":\"WebPage\",\"@id\":\"https:\\\/\\\/www.ixperta.com\\\/en\\\/awards\\\/\",\"url\":\"https:\\\/\\\/www.ixperta.com\\\/en\\\/awards\\\/\",\"name\":\"Certifications & Industry Standards | IXPERTA\",\"isPartOf\":{\"@id\":\"https:\\\/\\\/www.ixperta.com\\\/en\\\/#website\"},\"datePublished\":\"2025-07-04T09:25:52+00:00\",\"dateModified\":\"2025-12-12T08:21:43+00:00\",\"description\":\"IXPERTA ranks among the global leaders in electron microscopy software. Discover our award-winning innovative IT solutions.\",\"breadcrumb\":{\"@id\":\"https:\\\/\\\/www.ixperta.com\\\/en\\\/awards\\\/#breadcrumb\"},\"inLanguage\":\"en-US\",\"potentialAction\":[{\"@type\":\"ReadAction\",\"target\":[\"https:\\\/\\\/www.ixperta.com\\\/en\\\/awards\\\/\"]}]},{\"@type\":\"BreadcrumbList\",\"@id\":\"https:\\\/\\\/www.ixperta.com\\\/en\\\/awards\\\/#breadcrumb\",\"itemListElement\":[{\"@type\":\"ListItem\",\"position\":1,\"name\":\"Home\",\"item\":\"https:\\\/\\\/www.ixperta.com\\\/en\\\/\"},{\"@type\":\"ListItem\",\"position\":2,\"name\":\"Awards\"}]},{\"@type\":\"WebSite\",\"@id\":\"https:\\\/\\\/www.ixperta.com\\\/en\\\/#website\",\"url\":\"https:\\\/\\\/www.ixperta.com\\\/en\\\/\",\"name\":\"IXPERTA\",\"description\":\"\",\"potentialAction\":[{\"@type\":\"SearchAction\",\"target\":{\"@type\":\"EntryPoint\",\"urlTemplate\":\"https:\\\/\\\/www.ixperta.com\\\/en\\\/?s={search_term_string}\"},\"query-input\":{\"@type\":\"PropertyValueSpecification\",\"valueRequired\":true,\"valueName\":\"search_term_string\"}}],\"inLanguage\":\"en-US\"}]}<\/script>\n<!-- \/ Yoast SEO plugin. -->","yoast_head_json":{"title":"Certifications & Industry Standards | IXPERTA","description":"IXPERTA ranks among the global leaders in electron microscopy software. Discover our award-winning innovative IT solutions.","robots":{"index":"index","follow":"follow","max-snippet":"max-snippet:-1","max-image-preview":"max-image-preview:large","max-video-preview":"max-video-preview:-1"},"canonical":"https:\/\/www.ixperta.com\/en\/awards\/","og_locale":"en_US","og_type":"article","og_title":"Certifications & Industry Standards | IXPERTA","og_description":"IXPERTA ranks among the global leaders in electron microscopy software. Discover our award-winning innovative IT solutions.","og_url":"https:\/\/www.ixperta.com\/en\/awards\/","og_site_name":"IXPERTA","article_modified_time":"2025-12-12T08:21:43+00:00","og_image":[{"width":1200,"height":900,"url":"https:\/\/www.ixperta.com\/wp-content\/uploads\/2025\/10\/ixperta.png","type":"image\/png"}],"twitter_card":"summary_large_image","twitter_misc":{"Est. reading time":"1 minute"},"schema":{"@context":"https:\/\/schema.org","@graph":[{"@type":"WebPage","@id":"https:\/\/www.ixperta.com\/en\/awards\/","url":"https:\/\/www.ixperta.com\/en\/awards\/","name":"Certifications & Industry Standards | IXPERTA","isPartOf":{"@id":"https:\/\/www.ixperta.com\/en\/#website"},"datePublished":"2025-07-04T09:25:52+00:00","dateModified":"2025-12-12T08:21:43+00:00","description":"IXPERTA ranks among the global leaders in electron microscopy software. Discover our award-winning innovative IT solutions.","breadcrumb":{"@id":"https:\/\/www.ixperta.com\/en\/awards\/#breadcrumb"},"inLanguage":"en-US","potentialAction":[{"@type":"ReadAction","target":["https:\/\/www.ixperta.com\/en\/awards\/"]}]},{"@type":"BreadcrumbList","@id":"https:\/\/www.ixperta.com\/en\/awards\/#breadcrumb","itemListElement":[{"@type":"ListItem","position":1,"name":"Home","item":"https:\/\/www.ixperta.com\/en\/"},{"@type":"ListItem","position":2,"name":"Awards"}]},{"@type":"WebSite","@id":"https:\/\/www.ixperta.com\/en\/#website","url":"https:\/\/www.ixperta.com\/en\/","name":"IXPERTA","description":"","potentialAction":[{"@type":"SearchAction","target":{"@type":"EntryPoint","urlTemplate":"https:\/\/www.ixperta.com\/en\/?s={search_term_string}"},"query-input":{"@type":"PropertyValueSpecification","valueRequired":true,"valueName":"search_term_string"}}],"inLanguage":"en-US"}]}},"_links":{"self":[{"href":"https:\/\/www.ixperta.com\/en\/wp-json\/wp\/v2\/pages\/1989","targetHints":{"allow":["GET"]}}],"collection":[{"href":"https:\/\/www.ixperta.com\/en\/wp-json\/wp\/v2\/pages"}],"about":[{"href":"https:\/\/www.ixperta.com\/en\/wp-json\/wp\/v2\/types\/page"}],"author":[{"embeddable":true,"href":"https:\/\/www.ixperta.com\/en\/wp-json\/wp\/v2\/users\/1"}],"replies":[{"embeddable":true,"href":"https:\/\/www.ixperta.com\/en\/wp-json\/wp\/v2\/comments?post=1989"}],"version-history":[{"count":5,"href":"https:\/\/www.ixperta.com\/en\/wp-json\/wp\/v2\/pages\/1989\/revisions"}],"predecessor-version":[{"id":4542,"href":"https:\/\/www.ixperta.com\/en\/wp-json\/wp\/v2\/pages\/1989\/revisions\/4542"}],"wp:attachment":[{"href":"https:\/\/www.ixperta.com\/en\/wp-json\/wp\/v2\/media?parent=1989"}],"curies":[{"name":"wp","href":"https:\/\/api.w.org\/{rel}","templated":true}]}}